{"id":923,"date":"2019-06-28T10:32:16","date_gmt":"2019-06-28T08:32:16","guid":{"rendered":"https:\/\/worishofer.fr\/?post_type=product&#038;p=923"},"modified":"2025-12-09T13:10:34","modified_gmt":"2025-12-09T12:10:34","slug":"sandales-881-bride-cuir-perfore-blanc","status":"publish","type":"product","link":"https:\/\/worishofer.fr\/en\/boutique\/sandales-881-bride-cuir-perfore-blanc\/","title":{"rendered":"#881 Butterfly Sandal - White"},"content":{"rendered":"<p>Discover the classic W\u00f6rishofer #881 Butterfly Slingback sandals with a perforated White smooth leather upper.<\/p>\n<p>Vintage and Chic, for an almost orthopedic comfort with no match, with their cork &amp; rubber sole.<\/p>\n<p>Adjustable with buckle fastening at the ankle.<\/p>\n<p>Cork midsole and rubber outsole with an~4.5cm heel.<\/p>\n<p>&nbsp;<\/p>","protected":false},"excerpt":{"rendered":"<p>Discover the classic W\u00f6rishofer #881 Butterfly Slingback sandals with a perforated smooth leather upper.<\/p>\n<p>Vintage and Chic, for an almost orthopedic comfort with no match, with their cork &amp; rubber sole.<\/p>","protected":false},"featured_media":1744,"comment_status":"closed","ping_status":"closed","template":"","meta":[],"product_brand":[],"product_cat":[33],"product_tag":[28,27,29],"class_list":{"0":"post-923","1":"product","2":"type-product","3":"status-publish","4":"has-post-thumbnail","6":"product_cat-bride-arriere","7":"product_tag-sandales-allemandes","8":"product_tag-sandales-orthopediques","9":"product_tag-worishofer","10":"pa_coloris-cuir-blanc","11":"pa_pointure-24","13":"first","14":"outofstock","15":"taxable","16":"shipping-taxable","17":"product-type-variable"},"yoast_head":"<!-- This site is optimized with the Yoast SEO plugin v27.1.1 - https:\/\/yoast.com\/product\/yoast-seo-wordpress\/ -->\n<title>Sandales 881 Bride \u2013 Blanc - W\u00f6rishofer - sandales vintage femme<\/title>\n<meta name=\"description\" content=\"Sandales classiques \u00e0 bride arri\u00e8re, cuir perfor\u00e9 blanc. R\u00e9tro-chic, vintage \u00e0 l&#039;\u00e9tat neuf, fermeture boucle \u00e0 l&#039;arri\u00e8re, avec vo\u00fbte plantaire\" \/>\n<meta name=\"robots\" content=\"index, follow, max-snippet:-1, max-image-preview:large, max-video-preview:-1\" \/>\n<link rel=\"canonical\" href=\"https:\/\/worishofer.fr\/en\/boutique\/sandales-881-bride-cuir-perfore-blanc\/\" \/>\n<meta property=\"og:locale\" content=\"en_US\" \/>\n<meta property=\"og:type\" content=\"article\" \/>\n<meta property=\"og:title\" content=\"Sandales 881 Bride \u2013 Blanc - W\u00f6rishofer - sandales vintage femme\" \/>\n<meta property=\"og:description\" content=\"Sandales classiques \u00e0 bride arri\u00e8re, cuir perfor\u00e9 blanc. R\u00e9tro-chic, vintage \u00e0 l&#039;\u00e9tat neuf, fermeture boucle \u00e0 l&#039;arri\u00e8re, avec vo\u00fbte plantaire\" \/>\n<meta property=\"og:url\" content=\"https:\/\/worishofer.fr\/en\/boutique\/sandales-881-bride-cuir-perfore-blanc\/\" \/>\n<meta property=\"og:site_name\" content=\"W\u00f6rishofer - sandales vintage femme\" \/>\n<meta property=\"article:modified_time\" content=\"2025-12-09T12:10:34+00:00\" \/>\n<meta property=\"og:image\" content=\"https:\/\/worishofer.fr\/wp-content\/uploads\/2019\/06\/881-WEISS-main-right-2400-Worishofer-1024x1024.png\" \/>\n\t<meta property=\"og:image:width\" content=\"1024\" \/>\n\t<meta property=\"og:image:height\" content=\"1024\" \/>\n\t<meta property=\"og:image:type\" content=\"image\/png\" \/>\n<meta name=\"twitter:card\" content=\"summary_large_image\" \/>\n<meta name=\"twitter:label1\" content=\"Est. reading time\" \/>\n\t<meta name=\"twitter:data1\" content=\"1 minute\" \/>\n<script type=\"application\/ld+json\" class=\"yoast-schema-graph\">{\"@context\":\"https:\/\/schema.org\",\"@graph\":[{\"@type\":\"WebPage\",\"@id\":\"https:\/\/worishofer.fr\/boutique\/sandales-881-bride-cuir-perfore-blanc\/\",\"url\":\"https:\/\/worishofer.fr\/boutique\/sandales-881-bride-cuir-perfore-blanc\/\",\"name\":\"Sandales 881 Bride \u2013 Blanc - W\u00f6rishofer - sandales vintage femme\",\"isPartOf\":{\"@id\":\"https:\/\/worishofer.fr\/#website\"},\"primaryImageOfPage\":{\"@id\":\"https:\/\/worishofer.fr\/boutique\/sandales-881-bride-cuir-perfore-blanc\/#primaryimage\"},\"image\":{\"@id\":\"https:\/\/worishofer.fr\/boutique\/sandales-881-bride-cuir-perfore-blanc\/#primaryimage\"},\"thumbnailUrl\":\"https:\/\/worishofer.fr\/wp-content\/uploads\/2019\/06\/881-WEISS-main-right-2400-Worishofer.png\",\"datePublished\":\"2019-06-28T08:32:16+00:00\",\"dateModified\":\"2025-12-09T12:10:34+00:00\",\"description\":\"Sandales classiques \u00e0 bride arri\u00e8re, cuir perfor\u00e9 blanc. R\u00e9tro-chic, vintage \u00e0 l'\u00e9tat neuf, fermeture boucle \u00e0 l'arri\u00e8re, avec vo\u00fbte plantaire\",\"breadcrumb\":{\"@id\":\"https:\/\/worishofer.fr\/boutique\/sandales-881-bride-cuir-perfore-blanc\/#breadcrumb\"},\"inLanguage\":\"en-US\",\"potentialAction\":[{\"@type\":\"ReadAction\",\"target\":[\"https:\/\/worishofer.fr\/boutique\/sandales-881-bride-cuir-perfore-blanc\/\"]}]},{\"@type\":\"ImageObject\",\"inLanguage\":\"en-US\",\"@id\":\"https:\/\/worishofer.fr\/boutique\/sandales-881-bride-cuir-perfore-blanc\/#primaryimage\",\"url\":\"https:\/\/worishofer.fr\/wp-content\/uploads\/2019\/06\/881-WEISS-main-right-2400-Worishofer.png\",\"contentUrl\":\"https:\/\/worishofer.fr\/wp-content\/uploads\/2019\/06\/881-WEISS-main-right-2400-Worishofer.png\",\"width\":2400,\"height\":2400},{\"@type\":\"BreadcrumbList\",\"@id\":\"https:\/\/worishofer.fr\/boutique\/sandales-881-bride-cuir-perfore-blanc\/#breadcrumb\",\"itemListElement\":[{\"@type\":\"ListItem\",\"position\":1,\"name\":\"Accueil\",\"item\":\"https:\/\/worishofer.fr\/\"},{\"@type\":\"ListItem\",\"position\":2,\"name\":\"Boutique\",\"item\":\"https:\/\/worishofer.fr\/boutique\/\"},{\"@type\":\"ListItem\",\"position\":3,\"name\":\"Sandales 881 Bride \u2013 Blanc\"}]},{\"@type\":\"WebSite\",\"@id\":\"https:\/\/worishofer.fr\/#website\",\"url\":\"https:\/\/worishofer.fr\/\",\"name\":\"W\u00f6rishofer - sandales vintage femme\",\"description\":\"D\u00e9couvrez les sandales R\u00e9tro-Confort-Chic allemandes W\u00f6rishofer !\",\"publisher\":{\"@id\":\"https:\/\/worishofer.fr\/#organization\"},\"potentialAction\":[{\"@type\":\"SearchAction\",\"target\":{\"@type\":\"EntryPoint\",\"urlTemplate\":\"https:\/\/worishofer.fr\/?s={search_term_string}\"},\"query-input\":{\"@type\":\"PropertyValueSpecification\",\"valueRequired\":true,\"valueName\":\"search_term_string\"}}],\"inLanguage\":\"en-US\"},{\"@type\":\"Organization\",\"@id\":\"https:\/\/worishofer.fr\/#organization\",\"name\":\"W\u00f6rishofer\",\"url\":\"https:\/\/worishofer.fr\/\",\"logo\":{\"@type\":\"ImageObject\",\"inLanguage\":\"en-US\",\"@id\":\"https:\/\/worishofer.fr\/#\/schema\/logo\/image\/\",\"url\":\"https:\/\/worishofer.fr\/wp-content\/uploads\/2017\/10\/LOGO-WORISHOFER-2600.jpg\",\"contentUrl\":\"https:\/\/worishofer.fr\/wp-content\/uploads\/2017\/10\/LOGO-WORISHOFER-2600.jpg\",\"width\":2600,\"height\":2600,\"caption\":\"W\u00f6rishofer\"},\"image\":{\"@id\":\"https:\/\/worishofer.fr\/#\/schema\/logo\/image\/\"}}]}<\/script>\n<!-- \/ Yoast SEO plugin. -->","yoast_head_json":{"title":"Sandales 881 Bride \u2013 Blanc - W\u00f6rishofer - sandales vintage femme","description":"Sandales classiques \u00e0 bride arri\u00e8re, cuir perfor\u00e9 blanc. R\u00e9tro-chic, vintage \u00e0 l'\u00e9tat neuf, fermeture boucle \u00e0 l'arri\u00e8re, avec vo\u00fbte plantaire","robots":{"index":"index","follow":"follow","max-snippet":"max-snippet:-1","max-image-preview":"max-image-preview:large","max-video-preview":"max-video-preview:-1"},"canonical":"https:\/\/worishofer.fr\/en\/boutique\/sandales-881-bride-cuir-perfore-blanc\/","og_locale":"en_US","og_type":"article","og_title":"Sandales 881 Bride \u2013 Blanc - W\u00f6rishofer - sandales vintage femme","og_description":"Sandales classiques \u00e0 bride arri\u00e8re, cuir perfor\u00e9 blanc. R\u00e9tro-chic, vintage \u00e0 l'\u00e9tat neuf, fermeture boucle \u00e0 l'arri\u00e8re, avec vo\u00fbte plantaire","og_url":"https:\/\/worishofer.fr\/en\/boutique\/sandales-881-bride-cuir-perfore-blanc\/","og_site_name":"W\u00f6rishofer - sandales vintage femme","article_modified_time":"2025-12-09T12:10:34+00:00","og_image":[{"width":1024,"height":1024,"url":"https:\/\/worishofer.fr\/wp-content\/uploads\/2019\/06\/881-WEISS-main-right-2400-Worishofer-1024x1024.png","type":"image\/png"}],"twitter_card":"summary_large_image","twitter_misc":{"Est. reading time":"1 minute"},"schema":{"@context":"https:\/\/schema.org","@graph":[{"@type":"WebPage","@id":"https:\/\/worishofer.fr\/boutique\/sandales-881-bride-cuir-perfore-blanc\/","url":"https:\/\/worishofer.fr\/boutique\/sandales-881-bride-cuir-perfore-blanc\/","name":"Sandales 881 Bride \u2013 Blanc - W\u00f6rishofer - sandales vintage femme","isPartOf":{"@id":"https:\/\/worishofer.fr\/#website"},"primaryImageOfPage":{"@id":"https:\/\/worishofer.fr\/boutique\/sandales-881-bride-cuir-perfore-blanc\/#primaryimage"},"image":{"@id":"https:\/\/worishofer.fr\/boutique\/sandales-881-bride-cuir-perfore-blanc\/#primaryimage"},"thumbnailUrl":"https:\/\/worishofer.fr\/wp-content\/uploads\/2019\/06\/881-WEISS-main-right-2400-Worishofer.png","datePublished":"2019-06-28T08:32:16+00:00","dateModified":"2025-12-09T12:10:34+00:00","description":"Sandales classiques \u00e0 bride arri\u00e8re, cuir perfor\u00e9 blanc. R\u00e9tro-chic, vintage \u00e0 l'\u00e9tat neuf, fermeture boucle \u00e0 l'arri\u00e8re, avec vo\u00fbte plantaire","breadcrumb":{"@id":"https:\/\/worishofer.fr\/boutique\/sandales-881-bride-cuir-perfore-blanc\/#breadcrumb"},"inLanguage":"en-US","potentialAction":[{"@type":"ReadAction","target":["https:\/\/worishofer.fr\/boutique\/sandales-881-bride-cuir-perfore-blanc\/"]}]},{"@type":"ImageObject","inLanguage":"en-US","@id":"https:\/\/worishofer.fr\/boutique\/sandales-881-bride-cuir-perfore-blanc\/#primaryimage","url":"https:\/\/worishofer.fr\/wp-content\/uploads\/2019\/06\/881-WEISS-main-right-2400-Worishofer.png","contentUrl":"https:\/\/worishofer.fr\/wp-content\/uploads\/2019\/06\/881-WEISS-main-right-2400-Worishofer.png","width":2400,"height":2400},{"@type":"BreadcrumbList","@id":"https:\/\/worishofer.fr\/boutique\/sandales-881-bride-cuir-perfore-blanc\/#breadcrumb","itemListElement":[{"@type":"ListItem","position":1,"name":"Accueil","item":"https:\/\/worishofer.fr\/"},{"@type":"ListItem","position":2,"name":"Boutique","item":"https:\/\/worishofer.fr\/boutique\/"},{"@type":"ListItem","position":3,"name":"Sandales 881 Bride \u2013 Blanc"}]},{"@type":"WebSite","@id":"https:\/\/worishofer.fr\/#website","url":"https:\/\/worishofer.fr\/","name":"W\u00f6rishofer - sandales vintage femme","description":"D\u00e9couvrez les sandales R\u00e9tro-Confort-Chic allemandes W\u00f6rishofer !","publisher":{"@id":"https:\/\/worishofer.fr\/#organization"},"potentialAction":[{"@type":"SearchAction","target":{"@type":"EntryPoint","urlTemplate":"https:\/\/worishofer.fr\/?s={search_term_string}"},"query-input":{"@type":"PropertyValueSpecification","valueRequired":true,"valueName":"search_term_string"}}],"inLanguage":"en-US"},{"@type":"Organization","@id":"https:\/\/worishofer.fr\/#organization","name":"W\u00f6rishofer","url":"https:\/\/worishofer.fr\/","logo":{"@type":"ImageObject","inLanguage":"en-US","@id":"https:\/\/worishofer.fr\/#\/schema\/logo\/image\/","url":"https:\/\/worishofer.fr\/wp-content\/uploads\/2017\/10\/LOGO-WORISHOFER-2600.jpg","contentUrl":"https:\/\/worishofer.fr\/wp-content\/uploads\/2017\/10\/LOGO-WORISHOFER-2600.jpg","width":2600,"height":2600,"caption":"W\u00f6rishofer"},"image":{"@id":"https:\/\/worishofer.fr\/#\/schema\/logo\/image\/"}}]}},"_links":{"self":[{"href":"https:\/\/worishofer.fr\/en\/wp-json\/wp\/v2\/product\/923","targetHints":{"allow":["GET"]}}],"collection":[{"href":"https:\/\/worishofer.fr\/en\/wp-json\/wp\/v2\/product"}],"about":[{"href":"https:\/\/worishofer.fr\/en\/wp-json\/wp\/v2\/types\/product"}],"replies":[{"embeddable":true,"href":"https:\/\/worishofer.fr\/en\/wp-json\/wp\/v2\/comments?post=923"}],"wp:featuredmedia":[{"embeddable":true,"href":"https:\/\/worishofer.fr\/en\/wp-json\/wp\/v2\/media\/1744"}],"wp:attachment":[{"href":"https:\/\/worishofer.fr\/en\/wp-json\/wp\/v2\/media?parent=923"}],"wp:term":[{"taxonomy":"product_brand","embeddable":true,"href":"https:\/\/worishofer.fr\/en\/wp-json\/wp\/v2\/product_brand?post=923"},{"taxonomy":"product_cat","embeddable":true,"href":"https:\/\/worishofer.fr\/en\/wp-json\/wp\/v2\/product_cat?post=923"},{"taxonomy":"product_tag","embeddable":true,"href":"https:\/\/worishofer.fr\/en\/wp-json\/wp\/v2\/product_tag?post=923"}],"curies":[{"name":"wp","href":"https:\/\/api.w.org\/{rel}","templated":true}]}}