{"id":671,"date":"2018-05-17T12:26:16","date_gmt":"2018-05-17T10:26:16","guid":{"rendered":"https:\/\/worishofer.fr\/?post_type=product&#038;p=671"},"modified":"2023-08-21T13:21:28","modified_gmt":"2023-08-21T11:21:28","slug":"sandales-583-bride-cuir-noir","status":"publish","type":"product","link":"https:\/\/worishofer.fr\/en\/boutique\/sandales-583-bride-cuir-noir\/","title":{"rendered":"Sandales 583 Bride-Noir"},"content":{"rendered":"<p>D\u00e9couvrez les sandales W\u00f6rishofer 583, avec bride arri\u00e8re au talon, cuir perfor\u00e9 noir.<\/p>\n<p>Vintage and Chic, for an almost orthopedic comfort with no match, with their cork &amp; rubber sole.<\/p>\n<p>Fermeture \u00e0 lacets \u00e0 l&rsquo;avant et ajustement boucle \u00e0 l&rsquo;arri\u00e8re.<\/p>\n<p>Cork midsole and rubber outsole with an~4.5cm heel.<\/p>\n<p>&nbsp;<\/p>","protected":false},"excerpt":{"rendered":"<p>D\u00e9couvrez les sandales classiques W\u00f6rishofer 583 en cuir perfor\u00e9.<\/p>\n<p>Vintage and Chic, for an almost orthopedic comfort with no match, with their cork &amp; rubber sole.<\/p>","protected":false},"featured_media":717,"comment_status":"closed","ping_status":"closed","template":"","meta":[],"product_brand":[],"product_cat":[33],"product_tag":[28,27,29],"class_list":{"0":"post-671","1":"product","2":"type-product","3":"status-publish","4":"has-post-thumbnail","6":"product_cat-bride-arriere","7":"product_tag-sandales-allemandes","8":"product_tag-sandales-orthopediques","9":"product_tag-worishofer","10":"pa_coloris-cuir-noir","11":"pa_pointure-22","13":"first","14":"outofstock","15":"taxable","16":"shipping-taxable","17":"product-type-variable"},"yoast_head":"<!-- This site is optimized with the Yoast SEO plugin v27.3 - https:\/\/yoast.com\/product\/yoast-seo-wordpress\/ -->\n<title>Sandales 583 Bride-Noir - W\u00f6rishofer - sandales vintage femme<\/title>\n<meta name=\"description\" content=\"Sandales W\u00f6rishofer 583, cuir perfor\u00e9 noir, fermeture \u00e0 lacets \u00e0 l&#039;avant et ajustement boucle \u00e0 l&#039;arri\u00e8re, semelle ext\u00e9rieure li\u00e8ge et caoutchouc\" \/>\n<meta name=\"robots\" content=\"index, follow, max-snippet:-1, max-image-preview:large, max-video-preview:-1\" \/>\n<link rel=\"canonical\" href=\"https:\/\/worishofer.fr\/en\/boutique\/sandales-583-bride-cuir-noir\/\" \/>\n<meta property=\"og:locale\" content=\"en_US\" \/>\n<meta property=\"og:type\" content=\"article\" \/>\n<meta property=\"og:title\" content=\"Sandales 583 Bride-Noir - W\u00f6rishofer - sandales vintage femme\" \/>\n<meta property=\"og:description\" content=\"Sandales W\u00f6rishofer 583, cuir perfor\u00e9 noir, fermeture \u00e0 lacets \u00e0 l&#039;avant et ajustement boucle \u00e0 l&#039;arri\u00e8re, semelle ext\u00e9rieure li\u00e8ge et caoutchouc\" \/>\n<meta property=\"og:url\" content=\"https:\/\/worishofer.fr\/en\/boutique\/sandales-583-bride-cuir-noir\/\" \/>\n<meta property=\"og:site_name\" content=\"W\u00f6rishofer - sandales vintage femme\" \/>\n<meta property=\"article:modified_time\" content=\"2023-08-21T11:21:28+00:00\" \/>\n<meta property=\"og:image\" content=\"https:\/\/worishofer.fr\/wp-content\/uploads\/2018\/05\/583-SCHWARTZ.jpg\" \/>\n\t<meta property=\"og:image:width\" content=\"1800\" \/>\n\t<meta property=\"og:image:height\" content=\"1800\" \/>\n\t<meta property=\"og:image:type\" content=\"image\/jpeg\" \/>\n<meta name=\"twitter:card\" content=\"summary_large_image\" \/>\n<meta name=\"twitter:label1\" content=\"Est. reading time\" \/>\n\t<meta name=\"twitter:data1\" content=\"1 minute\" \/>\n<script type=\"application\/ld+json\" class=\"yoast-schema-graph\">{\"@context\":\"https:\\\/\\\/schema.org\",\"@graph\":[{\"@type\":\"WebPage\",\"@id\":\"https:\\\/\\\/worishofer.fr\\\/boutique\\\/sandales-583-bride-cuir-noir\\\/\",\"url\":\"https:\\\/\\\/worishofer.fr\\\/boutique\\\/sandales-583-bride-cuir-noir\\\/\",\"name\":\"Sandales 583 Bride-Noir - W\u00f6rishofer - sandales vintage femme\",\"isPartOf\":{\"@id\":\"https:\\\/\\\/worishofer.fr\\\/#website\"},\"primaryImageOfPage\":{\"@id\":\"https:\\\/\\\/worishofer.fr\\\/boutique\\\/sandales-583-bride-cuir-noir\\\/#primaryimage\"},\"image\":{\"@id\":\"https:\\\/\\\/worishofer.fr\\\/boutique\\\/sandales-583-bride-cuir-noir\\\/#primaryimage\"},\"thumbnailUrl\":\"https:\\\/\\\/worishofer.fr\\\/wp-content\\\/uploads\\\/2018\\\/05\\\/583-SCHWARTZ.jpg\",\"datePublished\":\"2018-05-17T10:26:16+00:00\",\"dateModified\":\"2023-08-21T11:21:28+00:00\",\"description\":\"Sandales W\u00f6rishofer 583, cuir perfor\u00e9 noir, fermeture \u00e0 lacets \u00e0 l'avant et ajustement boucle \u00e0 l'arri\u00e8re, semelle ext\u00e9rieure li\u00e8ge et caoutchouc\",\"breadcrumb\":{\"@id\":\"https:\\\/\\\/worishofer.fr\\\/boutique\\\/sandales-583-bride-cuir-noir\\\/#breadcrumb\"},\"inLanguage\":\"en-US\",\"potentialAction\":[{\"@type\":\"ReadAction\",\"target\":[\"https:\\\/\\\/worishofer.fr\\\/boutique\\\/sandales-583-bride-cuir-noir\\\/\"]}]},{\"@type\":\"ImageObject\",\"inLanguage\":\"en-US\",\"@id\":\"https:\\\/\\\/worishofer.fr\\\/boutique\\\/sandales-583-bride-cuir-noir\\\/#primaryimage\",\"url\":\"https:\\\/\\\/worishofer.fr\\\/wp-content\\\/uploads\\\/2018\\\/05\\\/583-SCHWARTZ.jpg\",\"contentUrl\":\"https:\\\/\\\/worishofer.fr\\\/wp-content\\\/uploads\\\/2018\\\/05\\\/583-SCHWARTZ.jpg\",\"width\":1800,\"height\":1800},{\"@type\":\"BreadcrumbList\",\"@id\":\"https:\\\/\\\/worishofer.fr\\\/boutique\\\/sandales-583-bride-cuir-noir\\\/#breadcrumb\",\"itemListElement\":[{\"@type\":\"ListItem\",\"position\":1,\"name\":\"Accueil\",\"item\":\"https:\\\/\\\/worishofer.fr\\\/\"},{\"@type\":\"ListItem\",\"position\":2,\"name\":\"Boutique\",\"item\":\"https:\\\/\\\/worishofer.fr\\\/boutique\\\/\"},{\"@type\":\"ListItem\",\"position\":3,\"name\":\"Sandales 583 Bride-Noir\"}]},{\"@type\":\"WebSite\",\"@id\":\"https:\\\/\\\/worishofer.fr\\\/#website\",\"url\":\"https:\\\/\\\/worishofer.fr\\\/\",\"name\":\"W\u00f6rishofer - sandales vintage femme\",\"description\":\"D\u00e9couvrez les sandales R\u00e9tro-Confort-Chic allemandes W\u00f6rishofer !\",\"publisher\":{\"@id\":\"https:\\\/\\\/worishofer.fr\\\/#organization\"},\"potentialAction\":[{\"@type\":\"SearchAction\",\"target\":{\"@type\":\"EntryPoint\",\"urlTemplate\":\"https:\\\/\\\/worishofer.fr\\\/?s={search_term_string}\"},\"query-input\":{\"@type\":\"PropertyValueSpecification\",\"valueRequired\":true,\"valueName\":\"search_term_string\"}}],\"inLanguage\":\"en-US\"},{\"@type\":\"Organization\",\"@id\":\"https:\\\/\\\/worishofer.fr\\\/#organization\",\"name\":\"W\u00f6rishofer\",\"url\":\"https:\\\/\\\/worishofer.fr\\\/\",\"logo\":{\"@type\":\"ImageObject\",\"inLanguage\":\"en-US\",\"@id\":\"https:\\\/\\\/worishofer.fr\\\/#\\\/schema\\\/logo\\\/image\\\/\",\"url\":\"https:\\\/\\\/worishofer.fr\\\/wp-content\\\/uploads\\\/2017\\\/10\\\/LOGO-WORISHOFER-2600.jpg\",\"contentUrl\":\"https:\\\/\\\/worishofer.fr\\\/wp-content\\\/uploads\\\/2017\\\/10\\\/LOGO-WORISHOFER-2600.jpg\",\"width\":2600,\"height\":2600,\"caption\":\"W\u00f6rishofer\"},\"image\":{\"@id\":\"https:\\\/\\\/worishofer.fr\\\/#\\\/schema\\\/logo\\\/image\\\/\"}}]}<\/script>\n<!-- \/ Yoast SEO plugin. -->","yoast_head_json":{"title":"Sandales 583 Bride-Noir - W\u00f6rishofer - sandales vintage femme","description":"Sandales W\u00f6rishofer 583, cuir perfor\u00e9 noir, fermeture \u00e0 lacets \u00e0 l'avant et ajustement boucle \u00e0 l'arri\u00e8re, semelle ext\u00e9rieure li\u00e8ge et caoutchouc","robots":{"index":"index","follow":"follow","max-snippet":"max-snippet:-1","max-image-preview":"max-image-preview:large","max-video-preview":"max-video-preview:-1"},"canonical":"https:\/\/worishofer.fr\/en\/boutique\/sandales-583-bride-cuir-noir\/","og_locale":"en_US","og_type":"article","og_title":"Sandales 583 Bride-Noir - W\u00f6rishofer - sandales vintage femme","og_description":"Sandales W\u00f6rishofer 583, cuir perfor\u00e9 noir, fermeture \u00e0 lacets \u00e0 l'avant et ajustement boucle \u00e0 l'arri\u00e8re, semelle ext\u00e9rieure li\u00e8ge et caoutchouc","og_url":"https:\/\/worishofer.fr\/en\/boutique\/sandales-583-bride-cuir-noir\/","og_site_name":"W\u00f6rishofer - sandales vintage femme","article_modified_time":"2023-08-21T11:21:28+00:00","og_image":[{"width":1800,"height":1800,"url":"https:\/\/worishofer.fr\/wp-content\/uploads\/2018\/05\/583-SCHWARTZ.jpg","type":"image\/jpeg"}],"twitter_card":"summary_large_image","twitter_misc":{"Est. reading time":"1 minute"},"schema":{"@context":"https:\/\/schema.org","@graph":[{"@type":"WebPage","@id":"https:\/\/worishofer.fr\/boutique\/sandales-583-bride-cuir-noir\/","url":"https:\/\/worishofer.fr\/boutique\/sandales-583-bride-cuir-noir\/","name":"Sandales 583 Bride-Noir - W\u00f6rishofer - sandales vintage femme","isPartOf":{"@id":"https:\/\/worishofer.fr\/#website"},"primaryImageOfPage":{"@id":"https:\/\/worishofer.fr\/boutique\/sandales-583-bride-cuir-noir\/#primaryimage"},"image":{"@id":"https:\/\/worishofer.fr\/boutique\/sandales-583-bride-cuir-noir\/#primaryimage"},"thumbnailUrl":"https:\/\/worishofer.fr\/wp-content\/uploads\/2018\/05\/583-SCHWARTZ.jpg","datePublished":"2018-05-17T10:26:16+00:00","dateModified":"2023-08-21T11:21:28+00:00","description":"Sandales W\u00f6rishofer 583, cuir perfor\u00e9 noir, fermeture \u00e0 lacets \u00e0 l'avant et ajustement boucle \u00e0 l'arri\u00e8re, semelle ext\u00e9rieure li\u00e8ge et caoutchouc","breadcrumb":{"@id":"https:\/\/worishofer.fr\/boutique\/sandales-583-bride-cuir-noir\/#breadcrumb"},"inLanguage":"en-US","potentialAction":[{"@type":"ReadAction","target":["https:\/\/worishofer.fr\/boutique\/sandales-583-bride-cuir-noir\/"]}]},{"@type":"ImageObject","inLanguage":"en-US","@id":"https:\/\/worishofer.fr\/boutique\/sandales-583-bride-cuir-noir\/#primaryimage","url":"https:\/\/worishofer.fr\/wp-content\/uploads\/2018\/05\/583-SCHWARTZ.jpg","contentUrl":"https:\/\/worishofer.fr\/wp-content\/uploads\/2018\/05\/583-SCHWARTZ.jpg","width":1800,"height":1800},{"@type":"BreadcrumbList","@id":"https:\/\/worishofer.fr\/boutique\/sandales-583-bride-cuir-noir\/#breadcrumb","itemListElement":[{"@type":"ListItem","position":1,"name":"Accueil","item":"https:\/\/worishofer.fr\/"},{"@type":"ListItem","position":2,"name":"Boutique","item":"https:\/\/worishofer.fr\/boutique\/"},{"@type":"ListItem","position":3,"name":"Sandales 583 Bride-Noir"}]},{"@type":"WebSite","@id":"https:\/\/worishofer.fr\/#website","url":"https:\/\/worishofer.fr\/","name":"W\u00f6rishofer - sandales vintage femme","description":"D\u00e9couvrez les sandales R\u00e9tro-Confort-Chic allemandes W\u00f6rishofer !","publisher":{"@id":"https:\/\/worishofer.fr\/#organization"},"potentialAction":[{"@type":"SearchAction","target":{"@type":"EntryPoint","urlTemplate":"https:\/\/worishofer.fr\/?s={search_term_string}"},"query-input":{"@type":"PropertyValueSpecification","valueRequired":true,"valueName":"search_term_string"}}],"inLanguage":"en-US"},{"@type":"Organization","@id":"https:\/\/worishofer.fr\/#organization","name":"W\u00f6rishofer","url":"https:\/\/worishofer.fr\/","logo":{"@type":"ImageObject","inLanguage":"en-US","@id":"https:\/\/worishofer.fr\/#\/schema\/logo\/image\/","url":"https:\/\/worishofer.fr\/wp-content\/uploads\/2017\/10\/LOGO-WORISHOFER-2600.jpg","contentUrl":"https:\/\/worishofer.fr\/wp-content\/uploads\/2017\/10\/LOGO-WORISHOFER-2600.jpg","width":2600,"height":2600,"caption":"W\u00f6rishofer"},"image":{"@id":"https:\/\/worishofer.fr\/#\/schema\/logo\/image\/"}}]}},"_links":{"self":[{"href":"https:\/\/worishofer.fr\/en\/wp-json\/wp\/v2\/product\/671","targetHints":{"allow":["GET"]}}],"collection":[{"href":"https:\/\/worishofer.fr\/en\/wp-json\/wp\/v2\/product"}],"about":[{"href":"https:\/\/worishofer.fr\/en\/wp-json\/wp\/v2\/types\/product"}],"replies":[{"embeddable":true,"href":"https:\/\/worishofer.fr\/en\/wp-json\/wp\/v2\/comments?post=671"}],"wp:featuredmedia":[{"embeddable":true,"href":"https:\/\/worishofer.fr\/en\/wp-json\/wp\/v2\/media\/717"}],"wp:attachment":[{"href":"https:\/\/worishofer.fr\/en\/wp-json\/wp\/v2\/media?parent=671"}],"wp:term":[{"taxonomy":"product_brand","embeddable":true,"href":"https:\/\/worishofer.fr\/en\/wp-json\/wp\/v2\/product_brand?post=671"},{"taxonomy":"product_cat","embeddable":true,"href":"https:\/\/worishofer.fr\/en\/wp-json\/wp\/v2\/product_cat?post=671"},{"taxonomy":"product_tag","embeddable":true,"href":"https:\/\/worishofer.fr\/en\/wp-json\/wp\/v2\/product_tag?post=671"}],"curies":[{"name":"wp","href":"https:\/\/api.w.org\/{rel}","templated":true}]}}