{"id":648,"date":"2018-05-17T10:55:12","date_gmt":"2018-05-17T08:55:12","guid":{"rendered":"https:\/\/worishofer.fr\/?post_type=product&#038;p=648"},"modified":"2026-04-08T23:16:11","modified_gmt":"2026-04-08T21:16:11","slug":"sandales-140-mule-cuir-rouge","status":"publish","type":"product","link":"https:\/\/worishofer.fr\/en\/boutique\/sandales-140-mule-cuir-rouge\/","title":{"rendered":"#140 Oversize Buckle Mule - Red"},"content":{"rendered":"<p>Discover the classic W\u00f6rishofer #140 slip-on mule with a smooth Cherry Red leather upper.<\/p>\n<p>Vintage and Chic, for an almost orthopedic comfort with no match, with their cork &amp; rubber sole.<\/p>\n<p>Ajustement avec une large boucle \u00e0 l&rsquo;avant.<\/p>\n<p>Cork midsole and rubber outsole with an~4.5cm heel.<\/p>\n<p>&nbsp;<\/p>","protected":false},"excerpt":{"rendered":"<p>Discover the classic W\u00f6rishofer #140 slip-on mule with a smooth leather upper.<\/p>\n<p>Vintage and Chic, for an almost orthopedic comfort with no match, with their cork &amp; rubber sole.<\/p>","protected":false},"featured_media":1750,"comment_status":"closed","ping_status":"closed","template":"","meta":[],"product_brand":[],"product_cat":[15],"product_tag":[28,27,29],"class_list":{"0":"post-648","1":"product","2":"type-product","3":"status-publish","4":"has-post-thumbnail","6":"product_cat-mules","7":"product_tag-sandales-allemandes","8":"product_tag-sandales-orthopediques","9":"product_tag-worishofer","10":"pa_coloris-cuir-rouge","11":"pa_pointure-19","12":"pa_pointure-20","13":"pa_pointure-22","15":"first","16":"instock","17":"taxable","18":"shipping-taxable","19":"product-type-variable"},"yoast_head":"<!-- This site is optimized with the Yoast SEO plugin v27.1.1 - https:\/\/yoast.com\/product\/yoast-seo-wordpress\/ -->\n<title>Sandales 140 Mule \u2013 Rouge - W\u00f6rishofer<\/title>\n<meta name=\"description\" content=\"Sandales type mule vintage, dessus cuir lisse, semelle li\u00e8ge &amp; caoutchouc, fermeture \u00e0 boucle avant, confort orthop\u00e9dique\" \/>\n<meta name=\"robots\" content=\"index, follow, max-snippet:-1, max-image-preview:large, max-video-preview:-1\" \/>\n<link rel=\"canonical\" href=\"https:\/\/worishofer.fr\/en\/boutique\/sandales-140-mule-cuir-rouge\/\" \/>\n<meta property=\"og:locale\" content=\"en_US\" \/>\n<meta property=\"og:type\" content=\"article\" \/>\n<meta property=\"og:title\" content=\"Sandales 140 Mule \u2013 Rouge - W\u00f6rishofer\" \/>\n<meta property=\"og:description\" content=\"Sandales type mule vintage, dessus cuir lisse, semelle li\u00e8ge &amp; caoutchouc, fermeture \u00e0 boucle avant, confort orthop\u00e9dique\" \/>\n<meta property=\"og:url\" content=\"https:\/\/worishofer.fr\/en\/boutique\/sandales-140-mule-cuir-rouge\/\" \/>\n<meta property=\"og:site_name\" content=\"W\u00f6rishofer - sandales vintage femme\" \/>\n<meta property=\"article:modified_time\" content=\"2026-04-08T21:16:11+00:00\" \/>\n<meta property=\"og:image\" content=\"https:\/\/worishofer.fr\/wp-content\/uploads\/2018\/05\/140-KRSCH-main-right-2400-Worishofer-1024x1024.png\" \/>\n\t<meta property=\"og:image:width\" content=\"1024\" \/>\n\t<meta property=\"og:image:height\" content=\"1024\" \/>\n\t<meta property=\"og:image:type\" content=\"image\/png\" \/>\n<meta name=\"twitter:card\" content=\"summary_large_image\" \/>\n<meta name=\"twitter:label1\" content=\"Est. reading time\" \/>\n\t<meta name=\"twitter:data1\" content=\"1 minute\" \/>\n<script type=\"application\/ld+json\" class=\"yoast-schema-graph\">{\"@context\":\"https:\/\/schema.org\",\"@graph\":[{\"@type\":\"WebPage\",\"@id\":\"https:\/\/worishofer.fr\/boutique\/sandales-140-mule-cuir-rouge\/\",\"url\":\"https:\/\/worishofer.fr\/boutique\/sandales-140-mule-cuir-rouge\/\",\"name\":\"Sandales 140 Mule \u2013 Rouge - W\u00f6rishofer\",\"isPartOf\":{\"@id\":\"https:\/\/worishofer.fr\/#website\"},\"primaryImageOfPage\":{\"@id\":\"https:\/\/worishofer.fr\/boutique\/sandales-140-mule-cuir-rouge\/#primaryimage\"},\"image\":{\"@id\":\"https:\/\/worishofer.fr\/boutique\/sandales-140-mule-cuir-rouge\/#primaryimage\"},\"thumbnailUrl\":\"https:\/\/worishofer.fr\/wp-content\/uploads\/2018\/05\/140-KRSCH-main-right-2400-Worishofer.png\",\"datePublished\":\"2018-05-17T08:55:12+00:00\",\"dateModified\":\"2026-04-08T21:16:11+00:00\",\"description\":\"Sandales type mule vintage, dessus cuir lisse, semelle li\u00e8ge & caoutchouc, fermeture \u00e0 boucle avant, confort orthop\u00e9dique\",\"breadcrumb\":{\"@id\":\"https:\/\/worishofer.fr\/boutique\/sandales-140-mule-cuir-rouge\/#breadcrumb\"},\"inLanguage\":\"en-US\",\"potentialAction\":[{\"@type\":\"ReadAction\",\"target\":[\"https:\/\/worishofer.fr\/boutique\/sandales-140-mule-cuir-rouge\/\"]}]},{\"@type\":\"ImageObject\",\"inLanguage\":\"en-US\",\"@id\":\"https:\/\/worishofer.fr\/boutique\/sandales-140-mule-cuir-rouge\/#primaryimage\",\"url\":\"https:\/\/worishofer.fr\/wp-content\/uploads\/2018\/05\/140-KRSCH-main-right-2400-Worishofer.png\",\"contentUrl\":\"https:\/\/worishofer.fr\/wp-content\/uploads\/2018\/05\/140-KRSCH-main-right-2400-Worishofer.png\",\"width\":2400,\"height\":2400},{\"@type\":\"BreadcrumbList\",\"@id\":\"https:\/\/worishofer.fr\/boutique\/sandales-140-mule-cuir-rouge\/#breadcrumb\",\"itemListElement\":[{\"@type\":\"ListItem\",\"position\":1,\"name\":\"Accueil\",\"item\":\"https:\/\/worishofer.fr\/\"},{\"@type\":\"ListItem\",\"position\":2,\"name\":\"Boutique\",\"item\":\"https:\/\/worishofer.fr\/boutique\/\"},{\"@type\":\"ListItem\",\"position\":3,\"name\":\"Sandales 140 Mule \u2013 Rouge\"}]},{\"@type\":\"WebSite\",\"@id\":\"https:\/\/worishofer.fr\/#website\",\"url\":\"https:\/\/worishofer.fr\/\",\"name\":\"W\u00f6rishofer - sandales vintage femme\",\"description\":\"D\u00e9couvrez les sandales R\u00e9tro-Confort-Chic allemandes W\u00f6rishofer !\",\"publisher\":{\"@id\":\"https:\/\/worishofer.fr\/#organization\"},\"potentialAction\":[{\"@type\":\"SearchAction\",\"target\":{\"@type\":\"EntryPoint\",\"urlTemplate\":\"https:\/\/worishofer.fr\/?s={search_term_string}\"},\"query-input\":{\"@type\":\"PropertyValueSpecification\",\"valueRequired\":true,\"valueName\":\"search_term_string\"}}],\"inLanguage\":\"en-US\"},{\"@type\":\"Organization\",\"@id\":\"https:\/\/worishofer.fr\/#organization\",\"name\":\"W\u00f6rishofer\",\"url\":\"https:\/\/worishofer.fr\/\",\"logo\":{\"@type\":\"ImageObject\",\"inLanguage\":\"en-US\",\"@id\":\"https:\/\/worishofer.fr\/#\/schema\/logo\/image\/\",\"url\":\"https:\/\/worishofer.fr\/wp-content\/uploads\/2017\/10\/LOGO-WORISHOFER-2600.jpg\",\"contentUrl\":\"https:\/\/worishofer.fr\/wp-content\/uploads\/2017\/10\/LOGO-WORISHOFER-2600.jpg\",\"width\":2600,\"height\":2600,\"caption\":\"W\u00f6rishofer\"},\"image\":{\"@id\":\"https:\/\/worishofer.fr\/#\/schema\/logo\/image\/\"}}]}<\/script>\n<!-- \/ Yoast SEO plugin. -->","yoast_head_json":{"title":"Sandales 140 Mule \u2013 Rouge - W\u00f6rishofer","description":"Sandales type mule vintage, dessus cuir lisse, semelle li\u00e8ge & caoutchouc, fermeture \u00e0 boucle avant, confort orthop\u00e9dique","robots":{"index":"index","follow":"follow","max-snippet":"max-snippet:-1","max-image-preview":"max-image-preview:large","max-video-preview":"max-video-preview:-1"},"canonical":"https:\/\/worishofer.fr\/en\/boutique\/sandales-140-mule-cuir-rouge\/","og_locale":"en_US","og_type":"article","og_title":"Sandales 140 Mule \u2013 Rouge - W\u00f6rishofer","og_description":"Sandales type mule vintage, dessus cuir lisse, semelle li\u00e8ge & caoutchouc, fermeture \u00e0 boucle avant, confort orthop\u00e9dique","og_url":"https:\/\/worishofer.fr\/en\/boutique\/sandales-140-mule-cuir-rouge\/","og_site_name":"W\u00f6rishofer - sandales vintage femme","article_modified_time":"2026-04-08T21:16:11+00:00","og_image":[{"width":1024,"height":1024,"url":"https:\/\/worishofer.fr\/wp-content\/uploads\/2018\/05\/140-KRSCH-main-right-2400-Worishofer-1024x1024.png","type":"image\/png"}],"twitter_card":"summary_large_image","twitter_misc":{"Est. reading time":"1 minute"},"schema":{"@context":"https:\/\/schema.org","@graph":[{"@type":"WebPage","@id":"https:\/\/worishofer.fr\/boutique\/sandales-140-mule-cuir-rouge\/","url":"https:\/\/worishofer.fr\/boutique\/sandales-140-mule-cuir-rouge\/","name":"Sandales 140 Mule \u2013 Rouge - W\u00f6rishofer","isPartOf":{"@id":"https:\/\/worishofer.fr\/#website"},"primaryImageOfPage":{"@id":"https:\/\/worishofer.fr\/boutique\/sandales-140-mule-cuir-rouge\/#primaryimage"},"image":{"@id":"https:\/\/worishofer.fr\/boutique\/sandales-140-mule-cuir-rouge\/#primaryimage"},"thumbnailUrl":"https:\/\/worishofer.fr\/wp-content\/uploads\/2018\/05\/140-KRSCH-main-right-2400-Worishofer.png","datePublished":"2018-05-17T08:55:12+00:00","dateModified":"2026-04-08T21:16:11+00:00","description":"Sandales type mule vintage, dessus cuir lisse, semelle li\u00e8ge & caoutchouc, fermeture \u00e0 boucle avant, confort orthop\u00e9dique","breadcrumb":{"@id":"https:\/\/worishofer.fr\/boutique\/sandales-140-mule-cuir-rouge\/#breadcrumb"},"inLanguage":"en-US","potentialAction":[{"@type":"ReadAction","target":["https:\/\/worishofer.fr\/boutique\/sandales-140-mule-cuir-rouge\/"]}]},{"@type":"ImageObject","inLanguage":"en-US","@id":"https:\/\/worishofer.fr\/boutique\/sandales-140-mule-cuir-rouge\/#primaryimage","url":"https:\/\/worishofer.fr\/wp-content\/uploads\/2018\/05\/140-KRSCH-main-right-2400-Worishofer.png","contentUrl":"https:\/\/worishofer.fr\/wp-content\/uploads\/2018\/05\/140-KRSCH-main-right-2400-Worishofer.png","width":2400,"height":2400},{"@type":"BreadcrumbList","@id":"https:\/\/worishofer.fr\/boutique\/sandales-140-mule-cuir-rouge\/#breadcrumb","itemListElement":[{"@type":"ListItem","position":1,"name":"Accueil","item":"https:\/\/worishofer.fr\/"},{"@type":"ListItem","position":2,"name":"Boutique","item":"https:\/\/worishofer.fr\/boutique\/"},{"@type":"ListItem","position":3,"name":"Sandales 140 Mule \u2013 Rouge"}]},{"@type":"WebSite","@id":"https:\/\/worishofer.fr\/#website","url":"https:\/\/worishofer.fr\/","name":"W\u00f6rishofer - sandales vintage femme","description":"D\u00e9couvrez les sandales R\u00e9tro-Confort-Chic allemandes W\u00f6rishofer !","publisher":{"@id":"https:\/\/worishofer.fr\/#organization"},"potentialAction":[{"@type":"SearchAction","target":{"@type":"EntryPoint","urlTemplate":"https:\/\/worishofer.fr\/?s={search_term_string}"},"query-input":{"@type":"PropertyValueSpecification","valueRequired":true,"valueName":"search_term_string"}}],"inLanguage":"en-US"},{"@type":"Organization","@id":"https:\/\/worishofer.fr\/#organization","name":"W\u00f6rishofer","url":"https:\/\/worishofer.fr\/","logo":{"@type":"ImageObject","inLanguage":"en-US","@id":"https:\/\/worishofer.fr\/#\/schema\/logo\/image\/","url":"https:\/\/worishofer.fr\/wp-content\/uploads\/2017\/10\/LOGO-WORISHOFER-2600.jpg","contentUrl":"https:\/\/worishofer.fr\/wp-content\/uploads\/2017\/10\/LOGO-WORISHOFER-2600.jpg","width":2600,"height":2600,"caption":"W\u00f6rishofer"},"image":{"@id":"https:\/\/worishofer.fr\/#\/schema\/logo\/image\/"}}]}},"_links":{"self":[{"href":"https:\/\/worishofer.fr\/en\/wp-json\/wp\/v2\/product\/648","targetHints":{"allow":["GET"]}}],"collection":[{"href":"https:\/\/worishofer.fr\/en\/wp-json\/wp\/v2\/product"}],"about":[{"href":"https:\/\/worishofer.fr\/en\/wp-json\/wp\/v2\/types\/product"}],"replies":[{"embeddable":true,"href":"https:\/\/worishofer.fr\/en\/wp-json\/wp\/v2\/comments?post=648"}],"wp:featuredmedia":[{"embeddable":true,"href":"https:\/\/worishofer.fr\/en\/wp-json\/wp\/v2\/media\/1750"}],"wp:attachment":[{"href":"https:\/\/worishofer.fr\/en\/wp-json\/wp\/v2\/media?parent=648"}],"wp:term":[{"taxonomy":"product_brand","embeddable":true,"href":"https:\/\/worishofer.fr\/en\/wp-json\/wp\/v2\/product_brand?post=648"},{"taxonomy":"product_cat","embeddable":true,"href":"https:\/\/worishofer.fr\/en\/wp-json\/wp\/v2\/product_cat?post=648"},{"taxonomy":"product_tag","embeddable":true,"href":"https:\/\/worishofer.fr\/en\/wp-json\/wp\/v2\/product_tag?post=648"}],"curies":[{"name":"wp","href":"https:\/\/api.w.org\/{rel}","templated":true}]}}