{"id":394,"date":"2018-05-16T11:21:34","date_gmt":"2018-05-16T09:21:34","guid":{"rendered":"https:\/\/worishofer.fr\/?post_type=product&#038;p=394"},"modified":"2026-03-23T15:14:43","modified_gmt":"2026-03-23T14:14:43","slug":"sandales-251-mule-cuir-perfore-blanc","status":"publish","type":"product","link":"https:\/\/worishofer.fr\/en\/boutique\/sandales-251-mule-cuir-perfore-blanc\/","title":{"rendered":"#251 Perf Mule - White"},"content":{"rendered":"<p>Discover the classic W\u00f6rishofer #251 slip-on mule with a perforated White smooth leather upper.<\/p>\n<p>Vintage and Chic, for an almost orthopedic comfort with no match, with their cork &amp; rubber sole.<\/p>\n<p>Ajustement avec une boucle \u00e0 l&rsquo;avant.<\/p>\n<p>Cork midsole and rubber outsole with an~4.5cm heel.<\/p>\n<p>&nbsp;<\/p>","protected":false},"excerpt":{"rendered":"<p>Discover the classic W\u00f6rishofer #251 slip-on mule with a perforated smooth leather upper.<\/p>\n<p>Vintage and Chic, for an almost orthopedic comfort with no match, with their cork &amp; rubber sole.<\/p>","protected":false},"featured_media":1758,"comment_status":"closed","ping_status":"closed","template":"","meta":[],"product_brand":[],"product_cat":[15],"product_tag":[28,27,29],"class_list":{"0":"post-394","1":"product","2":"type-product","3":"status-publish","4":"has-post-thumbnail","6":"product_cat-mules","7":"product_tag-sandales-allemandes","8":"product_tag-sandales-orthopediques","9":"product_tag-worishofer","10":"pa_coloris-cuir-blanc","11":"pa_pointure-18","12":"pa_pointure-23","14":"first","15":"instock","16":"taxable","17":"shipping-taxable","18":"purchasable","19":"product-type-variable"},"yoast_head":"<!-- This site is optimized with the Yoast SEO plugin v27.1.1 - https:\/\/yoast.com\/product\/yoast-seo-wordpress\/ -->\n<title>Sandales 251 Mule-Blanc<\/title>\n<meta name=\"description\" content=\"Sandales allemandes vintage type mule en cuir perfor\u00e9 blanc, lani\u00e8re \u00e0 boucle ajustable en largeur, semelle li\u00e8ge et caoutchouc.\" \/>\n<meta name=\"robots\" content=\"index, follow, max-snippet:-1, max-image-preview:large, max-video-preview:-1\" \/>\n<link rel=\"canonical\" href=\"https:\/\/worishofer.fr\/en\/boutique\/sandales-251-mule-cuir-perfore-blanc\/\" \/>\n<meta property=\"og:locale\" content=\"en_US\" \/>\n<meta property=\"og:type\" content=\"article\" \/>\n<meta property=\"og:title\" content=\"Sandales 251 Mule-Blanc\" \/>\n<meta property=\"og:description\" content=\"Sandales allemandes vintage type mule en cuir perfor\u00e9 blanc, lani\u00e8re \u00e0 boucle ajustable en largeur, semelle li\u00e8ge et caoutchouc.\" \/>\n<meta property=\"og:url\" content=\"https:\/\/worishofer.fr\/en\/boutique\/sandales-251-mule-cuir-perfore-blanc\/\" \/>\n<meta property=\"og:site_name\" content=\"W\u00f6rishofer - sandales vintage femme\" \/>\n<meta property=\"article:modified_time\" content=\"2026-03-23T14:14:43+00:00\" \/>\n<meta property=\"og:image\" content=\"https:\/\/worishofer.fr\/wp-content\/uploads\/2018\/05\/251-WEISS-main-right-2400-Worishofer-1024x1024.png\" \/>\n\t<meta property=\"og:image:width\" content=\"1024\" \/>\n\t<meta property=\"og:image:height\" content=\"1024\" \/>\n\t<meta property=\"og:image:type\" content=\"image\/png\" \/>\n<meta name=\"twitter:card\" content=\"summary_large_image\" \/>\n<meta name=\"twitter:label1\" content=\"Est. reading time\" \/>\n\t<meta name=\"twitter:data1\" content=\"1 minute\" \/>\n<script type=\"application\/ld+json\" class=\"yoast-schema-graph\">{\"@context\":\"https:\/\/schema.org\",\"@graph\":[{\"@type\":\"WebPage\",\"@id\":\"https:\/\/worishofer.fr\/boutique\/sandales-251-mule-cuir-perfore-blanc\/\",\"url\":\"https:\/\/worishofer.fr\/boutique\/sandales-251-mule-cuir-perfore-blanc\/\",\"name\":\"Sandales 251 Mule-Blanc\",\"isPartOf\":{\"@id\":\"https:\/\/worishofer.fr\/#website\"},\"primaryImageOfPage\":{\"@id\":\"https:\/\/worishofer.fr\/boutique\/sandales-251-mule-cuir-perfore-blanc\/#primaryimage\"},\"image\":{\"@id\":\"https:\/\/worishofer.fr\/boutique\/sandales-251-mule-cuir-perfore-blanc\/#primaryimage\"},\"thumbnailUrl\":\"https:\/\/worishofer.fr\/wp-content\/uploads\/2018\/05\/251-WEISS-main-right-2400-Worishofer.png\",\"datePublished\":\"2018-05-16T09:21:34+00:00\",\"dateModified\":\"2026-03-23T14:14:43+00:00\",\"description\":\"Sandales allemandes vintage type mule en cuir perfor\u00e9 blanc, lani\u00e8re \u00e0 boucle ajustable en largeur, semelle li\u00e8ge et caoutchouc.\",\"breadcrumb\":{\"@id\":\"https:\/\/worishofer.fr\/boutique\/sandales-251-mule-cuir-perfore-blanc\/#breadcrumb\"},\"inLanguage\":\"en-US\",\"potentialAction\":[{\"@type\":\"ReadAction\",\"target\":[\"https:\/\/worishofer.fr\/boutique\/sandales-251-mule-cuir-perfore-blanc\/\"]}]},{\"@type\":\"ImageObject\",\"inLanguage\":\"en-US\",\"@id\":\"https:\/\/worishofer.fr\/boutique\/sandales-251-mule-cuir-perfore-blanc\/#primaryimage\",\"url\":\"https:\/\/worishofer.fr\/wp-content\/uploads\/2018\/05\/251-WEISS-main-right-2400-Worishofer.png\",\"contentUrl\":\"https:\/\/worishofer.fr\/wp-content\/uploads\/2018\/05\/251-WEISS-main-right-2400-Worishofer.png\",\"width\":2400,\"height\":2400},{\"@type\":\"BreadcrumbList\",\"@id\":\"https:\/\/worishofer.fr\/boutique\/sandales-251-mule-cuir-perfore-blanc\/#breadcrumb\",\"itemListElement\":[{\"@type\":\"ListItem\",\"position\":1,\"name\":\"Accueil\",\"item\":\"https:\/\/worishofer.fr\/\"},{\"@type\":\"ListItem\",\"position\":2,\"name\":\"Boutique\",\"item\":\"https:\/\/worishofer.fr\/boutique\/\"},{\"@type\":\"ListItem\",\"position\":3,\"name\":\"Sandales 251 Mule-Blanc\"}]},{\"@type\":\"WebSite\",\"@id\":\"https:\/\/worishofer.fr\/#website\",\"url\":\"https:\/\/worishofer.fr\/\",\"name\":\"W\u00f6rishofer - sandales vintage femme\",\"description\":\"D\u00e9couvrez les sandales R\u00e9tro-Confort-Chic allemandes W\u00f6rishofer !\",\"publisher\":{\"@id\":\"https:\/\/worishofer.fr\/#organization\"},\"potentialAction\":[{\"@type\":\"SearchAction\",\"target\":{\"@type\":\"EntryPoint\",\"urlTemplate\":\"https:\/\/worishofer.fr\/?s={search_term_string}\"},\"query-input\":{\"@type\":\"PropertyValueSpecification\",\"valueRequired\":true,\"valueName\":\"search_term_string\"}}],\"inLanguage\":\"en-US\"},{\"@type\":\"Organization\",\"@id\":\"https:\/\/worishofer.fr\/#organization\",\"name\":\"W\u00f6rishofer\",\"url\":\"https:\/\/worishofer.fr\/\",\"logo\":{\"@type\":\"ImageObject\",\"inLanguage\":\"en-US\",\"@id\":\"https:\/\/worishofer.fr\/#\/schema\/logo\/image\/\",\"url\":\"https:\/\/worishofer.fr\/wp-content\/uploads\/2017\/10\/LOGO-WORISHOFER-2600.jpg\",\"contentUrl\":\"https:\/\/worishofer.fr\/wp-content\/uploads\/2017\/10\/LOGO-WORISHOFER-2600.jpg\",\"width\":2600,\"height\":2600,\"caption\":\"W\u00f6rishofer\"},\"image\":{\"@id\":\"https:\/\/worishofer.fr\/#\/schema\/logo\/image\/\"}}]}<\/script>\n<!-- \/ Yoast SEO plugin. -->","yoast_head_json":{"title":"#251 Perf Mule - White","description":"Sandales allemandes vintage type mule en cuir perfor\u00e9 blanc, lani\u00e8re \u00e0 boucle ajustable en largeur, semelle li\u00e8ge et caoutchouc.","robots":{"index":"index","follow":"follow","max-snippet":"max-snippet:-1","max-image-preview":"max-image-preview:large","max-video-preview":"max-video-preview:-1"},"canonical":"https:\/\/worishofer.fr\/en\/boutique\/sandales-251-mule-cuir-perfore-blanc\/","og_locale":"en_US","og_type":"article","og_title":"Sandales 251 Mule-Blanc","og_description":"Sandales allemandes vintage type mule en cuir perfor\u00e9 blanc, lani\u00e8re \u00e0 boucle ajustable en largeur, semelle li\u00e8ge et caoutchouc.","og_url":"https:\/\/worishofer.fr\/en\/boutique\/sandales-251-mule-cuir-perfore-blanc\/","og_site_name":"W\u00f6rishofer - sandales vintage femme","article_modified_time":"2026-03-23T14:14:43+00:00","og_image":[{"width":1024,"height":1024,"url":"https:\/\/worishofer.fr\/wp-content\/uploads\/2018\/05\/251-WEISS-main-right-2400-Worishofer-1024x1024.png","type":"image\/png"}],"twitter_card":"summary_large_image","twitter_misc":{"Est. reading time":"1 minute"},"schema":{"@context":"https:\/\/schema.org","@graph":[{"@type":"WebPage","@id":"https:\/\/worishofer.fr\/boutique\/sandales-251-mule-cuir-perfore-blanc\/","url":"https:\/\/worishofer.fr\/boutique\/sandales-251-mule-cuir-perfore-blanc\/","name":"#251 Perf Mule - White","isPartOf":{"@id":"https:\/\/worishofer.fr\/#website"},"primaryImageOfPage":{"@id":"https:\/\/worishofer.fr\/boutique\/sandales-251-mule-cuir-perfore-blanc\/#primaryimage"},"image":{"@id":"https:\/\/worishofer.fr\/boutique\/sandales-251-mule-cuir-perfore-blanc\/#primaryimage"},"thumbnailUrl":"https:\/\/worishofer.fr\/wp-content\/uploads\/2018\/05\/251-WEISS-main-right-2400-Worishofer.png","datePublished":"2018-05-16T09:21:34+00:00","dateModified":"2026-03-23T14:14:43+00:00","description":"Sandales allemandes vintage type mule en cuir perfor\u00e9 blanc, lani\u00e8re \u00e0 boucle ajustable en largeur, semelle li\u00e8ge et caoutchouc.","breadcrumb":{"@id":"https:\/\/worishofer.fr\/boutique\/sandales-251-mule-cuir-perfore-blanc\/#breadcrumb"},"inLanguage":"en-US","potentialAction":[{"@type":"ReadAction","target":["https:\/\/worishofer.fr\/boutique\/sandales-251-mule-cuir-perfore-blanc\/"]}]},{"@type":"ImageObject","inLanguage":"en-US","@id":"https:\/\/worishofer.fr\/boutique\/sandales-251-mule-cuir-perfore-blanc\/#primaryimage","url":"https:\/\/worishofer.fr\/wp-content\/uploads\/2018\/05\/251-WEISS-main-right-2400-Worishofer.png","contentUrl":"https:\/\/worishofer.fr\/wp-content\/uploads\/2018\/05\/251-WEISS-main-right-2400-Worishofer.png","width":2400,"height":2400},{"@type":"BreadcrumbList","@id":"https:\/\/worishofer.fr\/boutique\/sandales-251-mule-cuir-perfore-blanc\/#breadcrumb","itemListElement":[{"@type":"ListItem","position":1,"name":"Accueil","item":"https:\/\/worishofer.fr\/"},{"@type":"ListItem","position":2,"name":"Boutique","item":"https:\/\/worishofer.fr\/boutique\/"},{"@type":"ListItem","position":3,"name":"Sandales 251 Mule-Blanc"}]},{"@type":"WebSite","@id":"https:\/\/worishofer.fr\/#website","url":"https:\/\/worishofer.fr\/","name":"W\u00f6rishofer - sandales vintage femme","description":"D\u00e9couvrez les sandales R\u00e9tro-Confort-Chic allemandes W\u00f6rishofer !","publisher":{"@id":"https:\/\/worishofer.fr\/#organization"},"potentialAction":[{"@type":"SearchAction","target":{"@type":"EntryPoint","urlTemplate":"https:\/\/worishofer.fr\/?s={search_term_string}"},"query-input":{"@type":"PropertyValueSpecification","valueRequired":true,"valueName":"search_term_string"}}],"inLanguage":"en-US"},{"@type":"Organization","@id":"https:\/\/worishofer.fr\/#organization","name":"W\u00f6rishofer","url":"https:\/\/worishofer.fr\/","logo":{"@type":"ImageObject","inLanguage":"en-US","@id":"https:\/\/worishofer.fr\/#\/schema\/logo\/image\/","url":"https:\/\/worishofer.fr\/wp-content\/uploads\/2017\/10\/LOGO-WORISHOFER-2600.jpg","contentUrl":"https:\/\/worishofer.fr\/wp-content\/uploads\/2017\/10\/LOGO-WORISHOFER-2600.jpg","width":2600,"height":2600,"caption":"W\u00f6rishofer"},"image":{"@id":"https:\/\/worishofer.fr\/#\/schema\/logo\/image\/"}}]}},"_links":{"self":[{"href":"https:\/\/worishofer.fr\/en\/wp-json\/wp\/v2\/product\/394","targetHints":{"allow":["GET"]}}],"collection":[{"href":"https:\/\/worishofer.fr\/en\/wp-json\/wp\/v2\/product"}],"about":[{"href":"https:\/\/worishofer.fr\/en\/wp-json\/wp\/v2\/types\/product"}],"replies":[{"embeddable":true,"href":"https:\/\/worishofer.fr\/en\/wp-json\/wp\/v2\/comments?post=394"}],"wp:featuredmedia":[{"embeddable":true,"href":"https:\/\/worishofer.fr\/en\/wp-json\/wp\/v2\/media\/1758"}],"wp:attachment":[{"href":"https:\/\/worishofer.fr\/en\/wp-json\/wp\/v2\/media?parent=394"}],"wp:term":[{"taxonomy":"product_brand","embeddable":true,"href":"https:\/\/worishofer.fr\/en\/wp-json\/wp\/v2\/product_brand?post=394"},{"taxonomy":"product_cat","embeddable":true,"href":"https:\/\/worishofer.fr\/en\/wp-json\/wp\/v2\/product_cat?post=394"},{"taxonomy":"product_tag","embeddable":true,"href":"https:\/\/worishofer.fr\/en\/wp-json\/wp\/v2\/product_tag?post=394"}],"curies":[{"name":"wp","href":"https:\/\/api.w.org\/{rel}","templated":true}]}}