{"id":3170,"date":"2026-03-21T15:39:35","date_gmt":"2026-03-21T14:39:35","guid":{"rendered":"https:\/\/worishofer.fr\/?post_type=product&#038;p=3170"},"modified":"2026-04-10T22:38:51","modified_gmt":"2026-04-10T20:38:51","slug":"sandales-251-mule-navy","status":"publish","type":"product","link":"https:\/\/worishofer.fr\/en\/boutique\/sandales-251-mule-navy\/","title":{"rendered":"Sandales 251 Mule \u2013 Navy"},"content":{"rendered":"<p>D\u00e9couvrez les sandales classiques W\u00f6rishofer 251, \u00e0 enfiler, coloris bleu marine perfor\u00e9.<\/p>\n<p>Vintage and Chic, for an almost orthopedic comfort with no match, with their cork &amp; rubber sole.<\/p>\n<p>Ajustement avec une boucle \u00e0 l&rsquo;avant.<\/p>\n<p>Cork midsole and rubber outsole with an~4.5cm heel.<\/p>","protected":false},"excerpt":{"rendered":"<p>D\u00e9couvrez les sandales classiques W\u00f6rishofer 251, \u00e0 enfiler, coloris bleu marine perfor\u00e9. R\u00e9tro &amp; chic, pour un confort orthop\u00e9dique sans \u00e9quivalent. Ajustement avec une boucle \u00e0 l&rsquo;avant. Semelle ext\u00e9rieure en li\u00e8ge et caoutchouc<\/p>","protected":false},"featured_media":2445,"comment_status":"open","ping_status":"closed","template":"","meta":[],"product_brand":[],"product_cat":[15],"product_tag":[],"class_list":{"0":"post-3170","1":"product","2":"type-product","3":"status-publish","4":"has-post-thumbnail","6":"product_cat-mules","7":"pa_coloris-bleu","8":"pa_pointure-18","9":"pa_pointure-19","10":"pa_pointure-20","11":"pa_pointure-21","12":"pa_pointure-22","13":"pa_pointure-23","14":"pa_pointure-24","16":"first","17":"instock","18":"taxable","19":"shipping-taxable","20":"purchasable","21":"product-type-variable"},"yoast_head":"<!-- This site is optimized with the Yoast SEO plugin v27.3 - https:\/\/yoast.com\/product\/yoast-seo-wordpress\/ -->\n<title>Sandales 251 Mule \u2013 Navy - W\u00f6rishofer - sandales vintage femme<\/title>\n<meta name=\"robots\" content=\"index, follow, max-snippet:-1, max-image-preview:large, max-video-preview:-1\" \/>\n<link rel=\"canonical\" href=\"https:\/\/worishofer.fr\/en\/boutique\/sandales-251-mule-navy\/\" \/>\n<meta property=\"og:locale\" content=\"en_US\" \/>\n<meta property=\"og:type\" content=\"article\" \/>\n<meta property=\"og:title\" content=\"Sandales 251 Mule \u2013 Navy - W\u00f6rishofer - sandales vintage femme\" \/>\n<meta property=\"og:description\" content=\"D\u00e9couvrez les sandales classiques W\u00f6rishofer 251, \u00e0 enfiler, coloris bleu marine perfor\u00e9. R\u00e9tro &amp; chic, pour un confort orthop\u00e9dique sans \u00e9quivalent. Ajustement avec une boucle \u00e0 l&rsquo;avant. Semelle ext\u00e9rieure en li\u00e8ge et caoutchouc\" \/>\n<meta property=\"og:url\" content=\"https:\/\/worishofer.fr\/en\/boutique\/sandales-251-mule-navy\/\" \/>\n<meta property=\"og:site_name\" content=\"W\u00f6rishofer - sandales vintage femme\" \/>\n<meta property=\"article:modified_time\" content=\"2026-04-10T20:38:51+00:00\" \/>\n<meta property=\"og:image\" content=\"https:\/\/worishofer.fr\/wp-content\/uploads\/251-BLAUm-main-2100-Worishofer.webp\" \/>\n\t<meta property=\"og:image:width\" content=\"2100\" \/>\n\t<meta property=\"og:image:height\" content=\"2100\" \/>\n\t<meta property=\"og:image:type\" content=\"image\/webp\" \/>\n<meta name=\"twitter:card\" content=\"summary_large_image\" \/>\n<meta name=\"twitter:label1\" content=\"Est. reading time\" \/>\n\t<meta name=\"twitter:data1\" content=\"1 minute\" \/>\n<script type=\"application\/ld+json\" class=\"yoast-schema-graph\">{\"@context\":\"https:\\\/\\\/schema.org\",\"@graph\":[{\"@type\":\"WebPage\",\"@id\":\"https:\\\/\\\/worishofer.fr\\\/boutique\\\/sandales-251-mule-navy\\\/\",\"url\":\"https:\\\/\\\/worishofer.fr\\\/boutique\\\/sandales-251-mule-navy\\\/\",\"name\":\"Sandales 251 Mule \u2013 Navy - W\u00f6rishofer - sandales vintage femme\",\"isPartOf\":{\"@id\":\"https:\\\/\\\/worishofer.fr\\\/#website\"},\"primaryImageOfPage\":{\"@id\":\"https:\\\/\\\/worishofer.fr\\\/boutique\\\/sandales-251-mule-navy\\\/#primaryimage\"},\"image\":{\"@id\":\"https:\\\/\\\/worishofer.fr\\\/boutique\\\/sandales-251-mule-navy\\\/#primaryimage\"},\"thumbnailUrl\":\"https:\\\/\\\/worishofer.fr\\\/wp-content\\\/uploads\\\/251-BLAUm-main-2100-Worishofer.webp\",\"datePublished\":\"2026-03-21T14:39:35+00:00\",\"dateModified\":\"2026-04-10T20:38:51+00:00\",\"breadcrumb\":{\"@id\":\"https:\\\/\\\/worishofer.fr\\\/boutique\\\/sandales-251-mule-navy\\\/#breadcrumb\"},\"inLanguage\":\"en-US\",\"potentialAction\":[{\"@type\":\"ReadAction\",\"target\":[\"https:\\\/\\\/worishofer.fr\\\/boutique\\\/sandales-251-mule-navy\\\/\"]}]},{\"@type\":\"ImageObject\",\"inLanguage\":\"en-US\",\"@id\":\"https:\\\/\\\/worishofer.fr\\\/boutique\\\/sandales-251-mule-navy\\\/#primaryimage\",\"url\":\"https:\\\/\\\/worishofer.fr\\\/wp-content\\\/uploads\\\/251-BLAUm-main-2100-Worishofer.webp\",\"contentUrl\":\"https:\\\/\\\/worishofer.fr\\\/wp-content\\\/uploads\\\/251-BLAUm-main-2100-Worishofer.webp\",\"width\":2100,\"height\":2100},{\"@type\":\"BreadcrumbList\",\"@id\":\"https:\\\/\\\/worishofer.fr\\\/boutique\\\/sandales-251-mule-navy\\\/#breadcrumb\",\"itemListElement\":[{\"@type\":\"ListItem\",\"position\":1,\"name\":\"Accueil\",\"item\":\"https:\\\/\\\/worishofer.fr\\\/\"},{\"@type\":\"ListItem\",\"position\":2,\"name\":\"Boutique\",\"item\":\"https:\\\/\\\/worishofer.fr\\\/boutique\\\/\"},{\"@type\":\"ListItem\",\"position\":3,\"name\":\"Sandales 251 Mule \u2013 Navy\"}]},{\"@type\":\"WebSite\",\"@id\":\"https:\\\/\\\/worishofer.fr\\\/#website\",\"url\":\"https:\\\/\\\/worishofer.fr\\\/\",\"name\":\"W\u00f6rishofer - sandales vintage femme\",\"description\":\"D\u00e9couvrez les sandales R\u00e9tro-Confort-Chic allemandes W\u00f6rishofer !\",\"publisher\":{\"@id\":\"https:\\\/\\\/worishofer.fr\\\/#organization\"},\"potentialAction\":[{\"@type\":\"SearchAction\",\"target\":{\"@type\":\"EntryPoint\",\"urlTemplate\":\"https:\\\/\\\/worishofer.fr\\\/?s={search_term_string}\"},\"query-input\":{\"@type\":\"PropertyValueSpecification\",\"valueRequired\":true,\"valueName\":\"search_term_string\"}}],\"inLanguage\":\"en-US\"},{\"@type\":\"Organization\",\"@id\":\"https:\\\/\\\/worishofer.fr\\\/#organization\",\"name\":\"W\u00f6rishofer\",\"url\":\"https:\\\/\\\/worishofer.fr\\\/\",\"logo\":{\"@type\":\"ImageObject\",\"inLanguage\":\"en-US\",\"@id\":\"https:\\\/\\\/worishofer.fr\\\/#\\\/schema\\\/logo\\\/image\\\/\",\"url\":\"https:\\\/\\\/worishofer.fr\\\/wp-content\\\/uploads\\\/2017\\\/10\\\/LOGO-WORISHOFER-2600.jpg\",\"contentUrl\":\"https:\\\/\\\/worishofer.fr\\\/wp-content\\\/uploads\\\/2017\\\/10\\\/LOGO-WORISHOFER-2600.jpg\",\"width\":2600,\"height\":2600,\"caption\":\"W\u00f6rishofer\"},\"image\":{\"@id\":\"https:\\\/\\\/worishofer.fr\\\/#\\\/schema\\\/logo\\\/image\\\/\"}}]}<\/script>\n<!-- \/ Yoast SEO plugin. -->","yoast_head_json":{"title":"Sandales 251 Mule \u2013 Navy - W\u00f6rishofer - sandales vintage femme","robots":{"index":"index","follow":"follow","max-snippet":"max-snippet:-1","max-image-preview":"max-image-preview:large","max-video-preview":"max-video-preview:-1"},"canonical":"https:\/\/worishofer.fr\/en\/boutique\/sandales-251-mule-navy\/","og_locale":"en_US","og_type":"article","og_title":"Sandales 251 Mule \u2013 Navy - W\u00f6rishofer - sandales vintage femme","og_description":"D\u00e9couvrez les sandales classiques W\u00f6rishofer 251, \u00e0 enfiler, coloris bleu marine perfor\u00e9. R\u00e9tro &amp; chic, pour un confort orthop\u00e9dique sans \u00e9quivalent. Ajustement avec une boucle \u00e0 l&rsquo;avant. Semelle ext\u00e9rieure en li\u00e8ge et caoutchouc","og_url":"https:\/\/worishofer.fr\/en\/boutique\/sandales-251-mule-navy\/","og_site_name":"W\u00f6rishofer - sandales vintage femme","article_modified_time":"2026-04-10T20:38:51+00:00","og_image":[{"width":2100,"height":2100,"url":"https:\/\/worishofer.fr\/wp-content\/uploads\/251-BLAUm-main-2100-Worishofer.webp","type":"image\/webp"}],"twitter_card":"summary_large_image","twitter_misc":{"Est. reading time":"1 minute"},"schema":{"@context":"https:\/\/schema.org","@graph":[{"@type":"WebPage","@id":"https:\/\/worishofer.fr\/boutique\/sandales-251-mule-navy\/","url":"https:\/\/worishofer.fr\/boutique\/sandales-251-mule-navy\/","name":"Sandales 251 Mule \u2013 Navy - W\u00f6rishofer - sandales vintage femme","isPartOf":{"@id":"https:\/\/worishofer.fr\/#website"},"primaryImageOfPage":{"@id":"https:\/\/worishofer.fr\/boutique\/sandales-251-mule-navy\/#primaryimage"},"image":{"@id":"https:\/\/worishofer.fr\/boutique\/sandales-251-mule-navy\/#primaryimage"},"thumbnailUrl":"https:\/\/worishofer.fr\/wp-content\/uploads\/251-BLAUm-main-2100-Worishofer.webp","datePublished":"2026-03-21T14:39:35+00:00","dateModified":"2026-04-10T20:38:51+00:00","breadcrumb":{"@id":"https:\/\/worishofer.fr\/boutique\/sandales-251-mule-navy\/#breadcrumb"},"inLanguage":"en-US","potentialAction":[{"@type":"ReadAction","target":["https:\/\/worishofer.fr\/boutique\/sandales-251-mule-navy\/"]}]},{"@type":"ImageObject","inLanguage":"en-US","@id":"https:\/\/worishofer.fr\/boutique\/sandales-251-mule-navy\/#primaryimage","url":"https:\/\/worishofer.fr\/wp-content\/uploads\/251-BLAUm-main-2100-Worishofer.webp","contentUrl":"https:\/\/worishofer.fr\/wp-content\/uploads\/251-BLAUm-main-2100-Worishofer.webp","width":2100,"height":2100},{"@type":"BreadcrumbList","@id":"https:\/\/worishofer.fr\/boutique\/sandales-251-mule-navy\/#breadcrumb","itemListElement":[{"@type":"ListItem","position":1,"name":"Accueil","item":"https:\/\/worishofer.fr\/"},{"@type":"ListItem","position":2,"name":"Boutique","item":"https:\/\/worishofer.fr\/boutique\/"},{"@type":"ListItem","position":3,"name":"Sandales 251 Mule \u2013 Navy"}]},{"@type":"WebSite","@id":"https:\/\/worishofer.fr\/#website","url":"https:\/\/worishofer.fr\/","name":"W\u00f6rishofer - sandales vintage femme","description":"D\u00e9couvrez les sandales R\u00e9tro-Confort-Chic allemandes W\u00f6rishofer !","publisher":{"@id":"https:\/\/worishofer.fr\/#organization"},"potentialAction":[{"@type":"SearchAction","target":{"@type":"EntryPoint","urlTemplate":"https:\/\/worishofer.fr\/?s={search_term_string}"},"query-input":{"@type":"PropertyValueSpecification","valueRequired":true,"valueName":"search_term_string"}}],"inLanguage":"en-US"},{"@type":"Organization","@id":"https:\/\/worishofer.fr\/#organization","name":"W\u00f6rishofer","url":"https:\/\/worishofer.fr\/","logo":{"@type":"ImageObject","inLanguage":"en-US","@id":"https:\/\/worishofer.fr\/#\/schema\/logo\/image\/","url":"https:\/\/worishofer.fr\/wp-content\/uploads\/2017\/10\/LOGO-WORISHOFER-2600.jpg","contentUrl":"https:\/\/worishofer.fr\/wp-content\/uploads\/2017\/10\/LOGO-WORISHOFER-2600.jpg","width":2600,"height":2600,"caption":"W\u00f6rishofer"},"image":{"@id":"https:\/\/worishofer.fr\/#\/schema\/logo\/image\/"}}]}},"_links":{"self":[{"href":"https:\/\/worishofer.fr\/en\/wp-json\/wp\/v2\/product\/3170","targetHints":{"allow":["GET"]}}],"collection":[{"href":"https:\/\/worishofer.fr\/en\/wp-json\/wp\/v2\/product"}],"about":[{"href":"https:\/\/worishofer.fr\/en\/wp-json\/wp\/v2\/types\/product"}],"replies":[{"embeddable":true,"href":"https:\/\/worishofer.fr\/en\/wp-json\/wp\/v2\/comments?post=3170"}],"wp:featuredmedia":[{"embeddable":true,"href":"https:\/\/worishofer.fr\/en\/wp-json\/wp\/v2\/media\/2445"}],"wp:attachment":[{"href":"https:\/\/worishofer.fr\/en\/wp-json\/wp\/v2\/media?parent=3170"}],"wp:term":[{"taxonomy":"product_brand","embeddable":true,"href":"https:\/\/worishofer.fr\/en\/wp-json\/wp\/v2\/product_brand?post=3170"},{"taxonomy":"product_cat","embeddable":true,"href":"https:\/\/worishofer.fr\/en\/wp-json\/wp\/v2\/product_cat?post=3170"},{"taxonomy":"product_tag","embeddable":true,"href":"https:\/\/worishofer.fr\/en\/wp-json\/wp\/v2\/product_tag?post=3170"}],"curies":[{"name":"wp","href":"https:\/\/api.w.org\/{rel}","templated":true}]}}