{"id":310,"date":"2017-12-10T22:44:30","date_gmt":"2017-12-10T21:44:30","guid":{"rendered":"https:\/\/worishofer.fr\/?post_type=product&#038;p=310"},"modified":"2025-12-09T12:56:58","modified_gmt":"2025-12-09T11:56:58","slug":"sandales-715w-bride-wedge-cuir-bronze","status":"publish","type":"product","link":"https:\/\/worishofer.fr\/en\/boutique\/sandales-715w-bride-wedge-cuir-bronze\/","title":{"rendered":"Sandales 715W Bride Wedge \u2013 Bronze"},"content":{"rendered":"<p>D\u00e9couvrez les sandales Wedge W\u00f6rishofer 715W, avec bride arri\u00e8re au talon, cuir iris\u00e9 uni coloris bronze et leur semelle plateforme impressionnante de 8cm au talon \u00e0 5cm \u00e0 l&rsquo;avant !<\/p>\n<p>Retro-chic and always in trend, for an absolute comfort.<\/p>\n<p>Cork Platform ~8cm at the heel and 4cm midsole, rubber outsole.<\/p>\n<p>&nbsp;<\/p>","protected":false},"excerpt":{"rendered":"<p>D\u00e9couvrez les sandales plateforme W\u00f6rishofer 715W avec bride arri\u00e8re.<\/p>\n<p>Vintage and Chic, for an almost orthopedic comfort with no match, with their cork &amp; rubber sole.<\/p>","protected":false},"featured_media":722,"comment_status":"closed","ping_status":"closed","template":"","meta":[],"product_brand":[],"product_cat":[33,39],"product_tag":[28,40,29],"class_list":{"0":"post-310","1":"product","2":"type-product","3":"status-publish","4":"has-post-thumbnail","6":"product_cat-bride-arriere","7":"product_cat-sandales-plateforme","8":"product_tag-sandales-allemandes","9":"product_tag-wedge","10":"product_tag-worishofer","11":"pa_coloris-cuivre","12":"pa_coloris-marron","13":"pa_pointure-18","14":"pa_pointure-20","15":"pa_pointure-22","16":"pa_pointure-23","18":"first","19":"instock","20":"taxable","21":"shipping-taxable","22":"purchasable","23":"product-type-variable"},"yoast_head":"<!-- This site is optimized with the Yoast SEO plugin v27.3 - https:\/\/yoast.com\/product\/yoast-seo-wordpress\/ -->\n<title>Sandales 715W Bride Wedge \u2013 Bronze Plateforme<\/title>\n<meta name=\"description\" content=\"Sandales plateforme dessus cuir lisse m\u00e9tallis\u00e9, fermeture \u00e0 boucle assortie, semelle li\u00e8ge &amp; caoutchouc, confort orthop\u00e9dique\" \/>\n<meta name=\"robots\" content=\"index, follow, max-snippet:-1, max-image-preview:large, max-video-preview:-1\" \/>\n<link rel=\"canonical\" href=\"https:\/\/worishofer.fr\/en\/boutique\/sandales-715w-bride-wedge-cuir-bronze\/\" \/>\n<meta property=\"og:locale\" content=\"en_US\" \/>\n<meta property=\"og:type\" content=\"article\" \/>\n<meta property=\"og:title\" content=\"Sandales 715W Bride Wedge \u2013 Bronze Plateforme\" \/>\n<meta property=\"og:description\" content=\"Sandales plateforme dessus cuir lisse m\u00e9tallis\u00e9, fermeture \u00e0 boucle assortie, semelle li\u00e8ge &amp; caoutchouc, confort orthop\u00e9dique\" \/>\n<meta property=\"og:url\" content=\"https:\/\/worishofer.fr\/en\/boutique\/sandales-715w-bride-wedge-cuir-bronze\/\" \/>\n<meta property=\"og:site_name\" content=\"W\u00f6rishofer - sandales vintage femme\" \/>\n<meta property=\"article:modified_time\" content=\"2025-12-09T11:56:58+00:00\" \/>\n<meta property=\"og:image\" content=\"https:\/\/worishofer.fr\/wp-content\/uploads\/2017\/12\/ws715W-bronze-3400-3400-ps-scaled.jpg\" \/>\n\t<meta property=\"og:image:width\" content=\"3400\" \/>\n\t<meta property=\"og:image:height\" content=\"3400\" \/>\n\t<meta property=\"og:image:type\" content=\"image\/jpeg\" \/>\n<meta name=\"twitter:card\" content=\"summary_large_image\" \/>\n<meta name=\"twitter:label1\" content=\"Est. reading time\" \/>\n\t<meta name=\"twitter:data1\" content=\"1 minute\" \/>\n<script type=\"application\/ld+json\" class=\"yoast-schema-graph\">{\"@context\":\"https:\\\/\\\/schema.org\",\"@graph\":[{\"@type\":\"WebPage\",\"@id\":\"https:\\\/\\\/worishofer.fr\\\/boutique\\\/sandales-715w-bride-wedge-cuir-bronze\\\/\",\"url\":\"https:\\\/\\\/worishofer.fr\\\/boutique\\\/sandales-715w-bride-wedge-cuir-bronze\\\/\",\"name\":\"Sandales 715W Bride Wedge \u2013 Bronze Plateforme\",\"isPartOf\":{\"@id\":\"https:\\\/\\\/worishofer.fr\\\/#website\"},\"primaryImageOfPage\":{\"@id\":\"https:\\\/\\\/worishofer.fr\\\/boutique\\\/sandales-715w-bride-wedge-cuir-bronze\\\/#primaryimage\"},\"image\":{\"@id\":\"https:\\\/\\\/worishofer.fr\\\/boutique\\\/sandales-715w-bride-wedge-cuir-bronze\\\/#primaryimage\"},\"thumbnailUrl\":\"https:\\\/\\\/worishofer.fr\\\/wp-content\\\/uploads\\\/2017\\\/12\\\/ws715W-bronze-3400-3400-ps-scaled.jpg\",\"datePublished\":\"2017-12-10T21:44:30+00:00\",\"dateModified\":\"2025-12-09T11:56:58+00:00\",\"description\":\"Sandales plateforme dessus cuir lisse m\u00e9tallis\u00e9, fermeture \u00e0 boucle assortie, semelle li\u00e8ge & caoutchouc, confort orthop\u00e9dique\",\"breadcrumb\":{\"@id\":\"https:\\\/\\\/worishofer.fr\\\/boutique\\\/sandales-715w-bride-wedge-cuir-bronze\\\/#breadcrumb\"},\"inLanguage\":\"en-US\",\"potentialAction\":[{\"@type\":\"ReadAction\",\"target\":[\"https:\\\/\\\/worishofer.fr\\\/boutique\\\/sandales-715w-bride-wedge-cuir-bronze\\\/\"]}]},{\"@type\":\"ImageObject\",\"inLanguage\":\"en-US\",\"@id\":\"https:\\\/\\\/worishofer.fr\\\/boutique\\\/sandales-715w-bride-wedge-cuir-bronze\\\/#primaryimage\",\"url\":\"https:\\\/\\\/worishofer.fr\\\/wp-content\\\/uploads\\\/2017\\\/12\\\/ws715W-bronze-3400-3400-ps-scaled.jpg\",\"contentUrl\":\"https:\\\/\\\/worishofer.fr\\\/wp-content\\\/uploads\\\/2017\\\/12\\\/ws715W-bronze-3400-3400-ps-scaled.jpg\",\"width\":3400,\"height\":3400},{\"@type\":\"BreadcrumbList\",\"@id\":\"https:\\\/\\\/worishofer.fr\\\/boutique\\\/sandales-715w-bride-wedge-cuir-bronze\\\/#breadcrumb\",\"itemListElement\":[{\"@type\":\"ListItem\",\"position\":1,\"name\":\"Accueil\",\"item\":\"https:\\\/\\\/worishofer.fr\\\/\"},{\"@type\":\"ListItem\",\"position\":2,\"name\":\"Boutique\",\"item\":\"https:\\\/\\\/worishofer.fr\\\/boutique\\\/\"},{\"@type\":\"ListItem\",\"position\":3,\"name\":\"Sandales 715W Bride Wedge \u2013 Bronze\"}]},{\"@type\":\"WebSite\",\"@id\":\"https:\\\/\\\/worishofer.fr\\\/#website\",\"url\":\"https:\\\/\\\/worishofer.fr\\\/\",\"name\":\"W\u00f6rishofer - sandales vintage femme\",\"description\":\"D\u00e9couvrez les sandales R\u00e9tro-Confort-Chic allemandes W\u00f6rishofer !\",\"publisher\":{\"@id\":\"https:\\\/\\\/worishofer.fr\\\/#organization\"},\"potentialAction\":[{\"@type\":\"SearchAction\",\"target\":{\"@type\":\"EntryPoint\",\"urlTemplate\":\"https:\\\/\\\/worishofer.fr\\\/?s={search_term_string}\"},\"query-input\":{\"@type\":\"PropertyValueSpecification\",\"valueRequired\":true,\"valueName\":\"search_term_string\"}}],\"inLanguage\":\"en-US\"},{\"@type\":\"Organization\",\"@id\":\"https:\\\/\\\/worishofer.fr\\\/#organization\",\"name\":\"W\u00f6rishofer\",\"url\":\"https:\\\/\\\/worishofer.fr\\\/\",\"logo\":{\"@type\":\"ImageObject\",\"inLanguage\":\"en-US\",\"@id\":\"https:\\\/\\\/worishofer.fr\\\/#\\\/schema\\\/logo\\\/image\\\/\",\"url\":\"https:\\\/\\\/worishofer.fr\\\/wp-content\\\/uploads\\\/2017\\\/10\\\/LOGO-WORISHOFER-2600.jpg\",\"contentUrl\":\"https:\\\/\\\/worishofer.fr\\\/wp-content\\\/uploads\\\/2017\\\/10\\\/LOGO-WORISHOFER-2600.jpg\",\"width\":2600,\"height\":2600,\"caption\":\"W\u00f6rishofer\"},\"image\":{\"@id\":\"https:\\\/\\\/worishofer.fr\\\/#\\\/schema\\\/logo\\\/image\\\/\"}}]}<\/script>\n<!-- \/ Yoast SEO plugin. -->","yoast_head_json":{"title":"Sandales 715W Bride Wedge \u2013 Bronze Plateforme","description":"Sandales plateforme dessus cuir lisse m\u00e9tallis\u00e9, fermeture \u00e0 boucle assortie, semelle li\u00e8ge & caoutchouc, confort orthop\u00e9dique","robots":{"index":"index","follow":"follow","max-snippet":"max-snippet:-1","max-image-preview":"max-image-preview:large","max-video-preview":"max-video-preview:-1"},"canonical":"https:\/\/worishofer.fr\/en\/boutique\/sandales-715w-bride-wedge-cuir-bronze\/","og_locale":"en_US","og_type":"article","og_title":"Sandales 715W Bride Wedge \u2013 Bronze Plateforme","og_description":"Sandales plateforme dessus cuir lisse m\u00e9tallis\u00e9, fermeture \u00e0 boucle assortie, semelle li\u00e8ge & caoutchouc, confort orthop\u00e9dique","og_url":"https:\/\/worishofer.fr\/en\/boutique\/sandales-715w-bride-wedge-cuir-bronze\/","og_site_name":"W\u00f6rishofer - sandales vintage femme","article_modified_time":"2025-12-09T11:56:58+00:00","og_image":[{"width":3400,"height":3400,"url":"https:\/\/worishofer.fr\/wp-content\/uploads\/2017\/12\/ws715W-bronze-3400-3400-ps-scaled.jpg","type":"image\/jpeg"}],"twitter_card":"summary_large_image","twitter_misc":{"Est. reading time":"1 minute"},"schema":{"@context":"https:\/\/schema.org","@graph":[{"@type":"WebPage","@id":"https:\/\/worishofer.fr\/boutique\/sandales-715w-bride-wedge-cuir-bronze\/","url":"https:\/\/worishofer.fr\/boutique\/sandales-715w-bride-wedge-cuir-bronze\/","name":"Sandales 715W Bride Wedge \u2013 Bronze Plateforme","isPartOf":{"@id":"https:\/\/worishofer.fr\/#website"},"primaryImageOfPage":{"@id":"https:\/\/worishofer.fr\/boutique\/sandales-715w-bride-wedge-cuir-bronze\/#primaryimage"},"image":{"@id":"https:\/\/worishofer.fr\/boutique\/sandales-715w-bride-wedge-cuir-bronze\/#primaryimage"},"thumbnailUrl":"https:\/\/worishofer.fr\/wp-content\/uploads\/2017\/12\/ws715W-bronze-3400-3400-ps-scaled.jpg","datePublished":"2017-12-10T21:44:30+00:00","dateModified":"2025-12-09T11:56:58+00:00","description":"Sandales plateforme dessus cuir lisse m\u00e9tallis\u00e9, fermeture \u00e0 boucle assortie, semelle li\u00e8ge & caoutchouc, confort orthop\u00e9dique","breadcrumb":{"@id":"https:\/\/worishofer.fr\/boutique\/sandales-715w-bride-wedge-cuir-bronze\/#breadcrumb"},"inLanguage":"en-US","potentialAction":[{"@type":"ReadAction","target":["https:\/\/worishofer.fr\/boutique\/sandales-715w-bride-wedge-cuir-bronze\/"]}]},{"@type":"ImageObject","inLanguage":"en-US","@id":"https:\/\/worishofer.fr\/boutique\/sandales-715w-bride-wedge-cuir-bronze\/#primaryimage","url":"https:\/\/worishofer.fr\/wp-content\/uploads\/2017\/12\/ws715W-bronze-3400-3400-ps-scaled.jpg","contentUrl":"https:\/\/worishofer.fr\/wp-content\/uploads\/2017\/12\/ws715W-bronze-3400-3400-ps-scaled.jpg","width":3400,"height":3400},{"@type":"BreadcrumbList","@id":"https:\/\/worishofer.fr\/boutique\/sandales-715w-bride-wedge-cuir-bronze\/#breadcrumb","itemListElement":[{"@type":"ListItem","position":1,"name":"Accueil","item":"https:\/\/worishofer.fr\/"},{"@type":"ListItem","position":2,"name":"Boutique","item":"https:\/\/worishofer.fr\/boutique\/"},{"@type":"ListItem","position":3,"name":"Sandales 715W Bride Wedge \u2013 Bronze"}]},{"@type":"WebSite","@id":"https:\/\/worishofer.fr\/#website","url":"https:\/\/worishofer.fr\/","name":"W\u00f6rishofer - sandales vintage femme","description":"D\u00e9couvrez les sandales R\u00e9tro-Confort-Chic allemandes W\u00f6rishofer !","publisher":{"@id":"https:\/\/worishofer.fr\/#organization"},"potentialAction":[{"@type":"SearchAction","target":{"@type":"EntryPoint","urlTemplate":"https:\/\/worishofer.fr\/?s={search_term_string}"},"query-input":{"@type":"PropertyValueSpecification","valueRequired":true,"valueName":"search_term_string"}}],"inLanguage":"en-US"},{"@type":"Organization","@id":"https:\/\/worishofer.fr\/#organization","name":"W\u00f6rishofer","url":"https:\/\/worishofer.fr\/","logo":{"@type":"ImageObject","inLanguage":"en-US","@id":"https:\/\/worishofer.fr\/#\/schema\/logo\/image\/","url":"https:\/\/worishofer.fr\/wp-content\/uploads\/2017\/10\/LOGO-WORISHOFER-2600.jpg","contentUrl":"https:\/\/worishofer.fr\/wp-content\/uploads\/2017\/10\/LOGO-WORISHOFER-2600.jpg","width":2600,"height":2600,"caption":"W\u00f6rishofer"},"image":{"@id":"https:\/\/worishofer.fr\/#\/schema\/logo\/image\/"}}]}},"_links":{"self":[{"href":"https:\/\/worishofer.fr\/en\/wp-json\/wp\/v2\/product\/310","targetHints":{"allow":["GET"]}}],"collection":[{"href":"https:\/\/worishofer.fr\/en\/wp-json\/wp\/v2\/product"}],"about":[{"href":"https:\/\/worishofer.fr\/en\/wp-json\/wp\/v2\/types\/product"}],"replies":[{"embeddable":true,"href":"https:\/\/worishofer.fr\/en\/wp-json\/wp\/v2\/comments?post=310"}],"wp:featuredmedia":[{"embeddable":true,"href":"https:\/\/worishofer.fr\/en\/wp-json\/wp\/v2\/media\/722"}],"wp:attachment":[{"href":"https:\/\/worishofer.fr\/en\/wp-json\/wp\/v2\/media?parent=310"}],"wp:term":[{"taxonomy":"product_brand","embeddable":true,"href":"https:\/\/worishofer.fr\/en\/wp-json\/wp\/v2\/product_brand?post=310"},{"taxonomy":"product_cat","embeddable":true,"href":"https:\/\/worishofer.fr\/en\/wp-json\/wp\/v2\/product_cat?post=310"},{"taxonomy":"product_tag","embeddable":true,"href":"https:\/\/worishofer.fr\/en\/wp-json\/wp\/v2\/product_tag?post=310"}],"curies":[{"name":"wp","href":"https:\/\/api.w.org\/{rel}","templated":true}]}}