{"id":2289,"date":"2024-04-02T14:51:24","date_gmt":"2024-04-02T12:51:24","guid":{"rendered":"https:\/\/worishofer.fr\/?post_type=product&#038;p=2289"},"modified":"2025-12-09T12:36:44","modified_gmt":"2025-12-09T11:36:44","slug":"sandales-562-bride-rosa","status":"publish","type":"product","link":"https:\/\/worishofer.fr\/en\/boutique\/sandales-562-bride-rosa\/","title":{"rendered":"Sandales 562 Bride \u2013 Rosa"},"content":{"rendered":"<p>D\u00e9couvrez les sandales W\u00f6rishofer 562, avec bride arri\u00e8re au talon, cuir perfor\u00e9 rose.<\/p>\n<p>Vintage and Chic, for an almost orthopedic comfort with no match, with their cork &amp; rubber sole.<\/p>\n<p>Ajustement avec une boucle \u00e0 l&rsquo;avant et \u00e0 l&rsquo;arri\u00e8re .<\/p>\n<p>Cork midsole and rubber outsole with an~4.5cm heel.<\/p>\n<p>&nbsp;<\/p>","protected":false},"excerpt":{"rendered":"<p>Discover the classic W\u00f6rishofer #562 slingback sandals with a perforated smooth leather upper.<\/p>\n<p>Vintage and Chic, for an almost orthopedic comfort with no match, with their cork &amp; rubber sole.<\/p>","protected":false},"featured_media":2295,"comment_status":"closed","ping_status":"closed","template":"","meta":[],"product_brand":[],"product_cat":[33],"product_tag":[28,27,29],"class_list":{"0":"post-2289","1":"product","2":"type-product","3":"status-publish","4":"has-post-thumbnail","6":"product_cat-bride-arriere","7":"product_tag-sandales-allemandes","8":"product_tag-sandales-orthopediques","9":"product_tag-worishofer","10":"pa_coloris-rose","11":"pa_pointure-19","12":"pa_pointure-20","13":"pa_pointure-21","15":"first","16":"instock","17":"taxable","18":"shipping-taxable","19":"purchasable","20":"product-type-variable"},"yoast_head":"<!-- This site is optimized with the Yoast SEO plugin v27.1.1 - https:\/\/yoast.com\/product\/yoast-seo-wordpress\/ -->\n<title>Sandales 562 Bride \u2013 Rosa - W\u00f6rishofer - sandales vintage femme<\/title>\n<meta name=\"description\" content=\"Le mod\u00e8le iconique de sandales W\u00f6rishofer 562 \u00e0 bride arri\u00e8re cuir dor\u00e9 et ajustement \u00e0 boucles, port\u00e9 par les stars d&#039;Hollywood !\" \/>\n<meta name=\"robots\" content=\"index, follow, max-snippet:-1, max-image-preview:large, max-video-preview:-1\" \/>\n<link rel=\"canonical\" href=\"https:\/\/worishofer.fr\/en\/boutique\/sandales-562-bride-rosa\/\" \/>\n<meta property=\"og:locale\" content=\"en_US\" \/>\n<meta property=\"og:type\" content=\"article\" \/>\n<meta property=\"og:title\" content=\"Sandales 562 Bride \u2013 Rosa - W\u00f6rishofer - sandales vintage femme\" \/>\n<meta property=\"og:description\" content=\"Le mod\u00e8le iconique de sandales W\u00f6rishofer 562 \u00e0 bride arri\u00e8re cuir dor\u00e9 et ajustement \u00e0 boucles, port\u00e9 par les stars d&#039;Hollywood !\" \/>\n<meta property=\"og:url\" content=\"https:\/\/worishofer.fr\/en\/boutique\/sandales-562-bride-rosa\/\" \/>\n<meta property=\"og:site_name\" content=\"W\u00f6rishofer - sandales vintage femme\" \/>\n<meta property=\"article:modified_time\" content=\"2025-12-09T11:36:44+00:00\" \/>\n<meta property=\"og:image\" content=\"https:\/\/worishofer.fr\/wp-content\/uploads\/2024\/04\/562-ROSA-main-right-2600-Worishofer-scaled.webp\" \/>\n\t<meta property=\"og:image:width\" content=\"2560\" \/>\n\t<meta property=\"og:image:height\" content=\"2560\" \/>\n\t<meta property=\"og:image:type\" content=\"image\/webp\" \/>\n<meta name=\"twitter:card\" content=\"summary_large_image\" \/>\n<meta name=\"twitter:label1\" content=\"Est. reading time\" \/>\n\t<meta name=\"twitter:data1\" content=\"1 minute\" \/>\n<script type=\"application\/ld+json\" class=\"yoast-schema-graph\">{\"@context\":\"https:\/\/schema.org\",\"@graph\":[{\"@type\":\"WebPage\",\"@id\":\"https:\/\/worishofer.fr\/boutique\/sandales-562-bride-rosa\/\",\"url\":\"https:\/\/worishofer.fr\/boutique\/sandales-562-bride-rosa\/\",\"name\":\"Sandales 562 Bride \u2013 Rosa - W\u00f6rishofer - sandales vintage femme\",\"isPartOf\":{\"@id\":\"https:\/\/worishofer.fr\/#website\"},\"primaryImageOfPage\":{\"@id\":\"https:\/\/worishofer.fr\/boutique\/sandales-562-bride-rosa\/#primaryimage\"},\"image\":{\"@id\":\"https:\/\/worishofer.fr\/boutique\/sandales-562-bride-rosa\/#primaryimage\"},\"thumbnailUrl\":\"https:\/\/worishofer.fr\/wp-content\/uploads\/2024\/04\/562-ROSA-main-right-2600-Worishofer-scaled.webp\",\"datePublished\":\"2024-04-02T12:51:24+00:00\",\"dateModified\":\"2025-12-09T11:36:44+00:00\",\"description\":\"Le mod\u00e8le iconique de sandales W\u00f6rishofer 562 \u00e0 bride arri\u00e8re cuir dor\u00e9 et ajustement \u00e0 boucles, port\u00e9 par les stars d'Hollywood !\",\"breadcrumb\":{\"@id\":\"https:\/\/worishofer.fr\/boutique\/sandales-562-bride-rosa\/#breadcrumb\"},\"inLanguage\":\"en-US\",\"potentialAction\":[{\"@type\":\"ReadAction\",\"target\":[\"https:\/\/worishofer.fr\/boutique\/sandales-562-bride-rosa\/\"]}]},{\"@type\":\"ImageObject\",\"inLanguage\":\"en-US\",\"@id\":\"https:\/\/worishofer.fr\/boutique\/sandales-562-bride-rosa\/#primaryimage\",\"url\":\"https:\/\/worishofer.fr\/wp-content\/uploads\/2024\/04\/562-ROSA-main-right-2600-Worishofer-scaled.webp\",\"contentUrl\":\"https:\/\/worishofer.fr\/wp-content\/uploads\/2024\/04\/562-ROSA-main-right-2600-Worishofer-scaled.webp\",\"width\":2560,\"height\":2560},{\"@type\":\"BreadcrumbList\",\"@id\":\"https:\/\/worishofer.fr\/boutique\/sandales-562-bride-rosa\/#breadcrumb\",\"itemListElement\":[{\"@type\":\"ListItem\",\"position\":1,\"name\":\"Accueil\",\"item\":\"https:\/\/worishofer.fr\/\"},{\"@type\":\"ListItem\",\"position\":2,\"name\":\"Boutique\",\"item\":\"https:\/\/worishofer.fr\/boutique\/\"},{\"@type\":\"ListItem\",\"position\":3,\"name\":\"Sandales 562 Bride \u2013 Rosa\"}]},{\"@type\":\"WebSite\",\"@id\":\"https:\/\/worishofer.fr\/#website\",\"url\":\"https:\/\/worishofer.fr\/\",\"name\":\"W\u00f6rishofer - sandales vintage femme\",\"description\":\"D\u00e9couvrez les sandales R\u00e9tro-Confort-Chic allemandes W\u00f6rishofer !\",\"publisher\":{\"@id\":\"https:\/\/worishofer.fr\/#organization\"},\"potentialAction\":[{\"@type\":\"SearchAction\",\"target\":{\"@type\":\"EntryPoint\",\"urlTemplate\":\"https:\/\/worishofer.fr\/?s={search_term_string}\"},\"query-input\":{\"@type\":\"PropertyValueSpecification\",\"valueRequired\":true,\"valueName\":\"search_term_string\"}}],\"inLanguage\":\"en-US\"},{\"@type\":\"Organization\",\"@id\":\"https:\/\/worishofer.fr\/#organization\",\"name\":\"W\u00f6rishofer\",\"url\":\"https:\/\/worishofer.fr\/\",\"logo\":{\"@type\":\"ImageObject\",\"inLanguage\":\"en-US\",\"@id\":\"https:\/\/worishofer.fr\/#\/schema\/logo\/image\/\",\"url\":\"https:\/\/worishofer.fr\/wp-content\/uploads\/2017\/10\/LOGO-WORISHOFER-2600.jpg\",\"contentUrl\":\"https:\/\/worishofer.fr\/wp-content\/uploads\/2017\/10\/LOGO-WORISHOFER-2600.jpg\",\"width\":2600,\"height\":2600,\"caption\":\"W\u00f6rishofer\"},\"image\":{\"@id\":\"https:\/\/worishofer.fr\/#\/schema\/logo\/image\/\"}}]}<\/script>\n<!-- \/ Yoast SEO plugin. -->","yoast_head_json":{"title":"Sandales 562 Bride \u2013 Rosa - W\u00f6rishofer - sandales vintage femme","description":"Le mod\u00e8le iconique de sandales W\u00f6rishofer 562 \u00e0 bride arri\u00e8re cuir dor\u00e9 et ajustement \u00e0 boucles, port\u00e9 par les stars d'Hollywood !","robots":{"index":"index","follow":"follow","max-snippet":"max-snippet:-1","max-image-preview":"max-image-preview:large","max-video-preview":"max-video-preview:-1"},"canonical":"https:\/\/worishofer.fr\/en\/boutique\/sandales-562-bride-rosa\/","og_locale":"en_US","og_type":"article","og_title":"Sandales 562 Bride \u2013 Rosa - W\u00f6rishofer - sandales vintage femme","og_description":"Le mod\u00e8le iconique de sandales W\u00f6rishofer 562 \u00e0 bride arri\u00e8re cuir dor\u00e9 et ajustement \u00e0 boucles, port\u00e9 par les stars d'Hollywood !","og_url":"https:\/\/worishofer.fr\/en\/boutique\/sandales-562-bride-rosa\/","og_site_name":"W\u00f6rishofer - sandales vintage femme","article_modified_time":"2025-12-09T11:36:44+00:00","og_image":[{"width":2560,"height":2560,"url":"https:\/\/worishofer.fr\/wp-content\/uploads\/2024\/04\/562-ROSA-main-right-2600-Worishofer-scaled.webp","type":"image\/webp"}],"twitter_card":"summary_large_image","twitter_misc":{"Est. reading time":"1 minute"},"schema":{"@context":"https:\/\/schema.org","@graph":[{"@type":"WebPage","@id":"https:\/\/worishofer.fr\/boutique\/sandales-562-bride-rosa\/","url":"https:\/\/worishofer.fr\/boutique\/sandales-562-bride-rosa\/","name":"Sandales 562 Bride \u2013 Rosa - W\u00f6rishofer - sandales vintage femme","isPartOf":{"@id":"https:\/\/worishofer.fr\/#website"},"primaryImageOfPage":{"@id":"https:\/\/worishofer.fr\/boutique\/sandales-562-bride-rosa\/#primaryimage"},"image":{"@id":"https:\/\/worishofer.fr\/boutique\/sandales-562-bride-rosa\/#primaryimage"},"thumbnailUrl":"https:\/\/worishofer.fr\/wp-content\/uploads\/2024\/04\/562-ROSA-main-right-2600-Worishofer-scaled.webp","datePublished":"2024-04-02T12:51:24+00:00","dateModified":"2025-12-09T11:36:44+00:00","description":"Le mod\u00e8le iconique de sandales W\u00f6rishofer 562 \u00e0 bride arri\u00e8re cuir dor\u00e9 et ajustement \u00e0 boucles, port\u00e9 par les stars d'Hollywood !","breadcrumb":{"@id":"https:\/\/worishofer.fr\/boutique\/sandales-562-bride-rosa\/#breadcrumb"},"inLanguage":"en-US","potentialAction":[{"@type":"ReadAction","target":["https:\/\/worishofer.fr\/boutique\/sandales-562-bride-rosa\/"]}]},{"@type":"ImageObject","inLanguage":"en-US","@id":"https:\/\/worishofer.fr\/boutique\/sandales-562-bride-rosa\/#primaryimage","url":"https:\/\/worishofer.fr\/wp-content\/uploads\/2024\/04\/562-ROSA-main-right-2600-Worishofer-scaled.webp","contentUrl":"https:\/\/worishofer.fr\/wp-content\/uploads\/2024\/04\/562-ROSA-main-right-2600-Worishofer-scaled.webp","width":2560,"height":2560},{"@type":"BreadcrumbList","@id":"https:\/\/worishofer.fr\/boutique\/sandales-562-bride-rosa\/#breadcrumb","itemListElement":[{"@type":"ListItem","position":1,"name":"Accueil","item":"https:\/\/worishofer.fr\/"},{"@type":"ListItem","position":2,"name":"Boutique","item":"https:\/\/worishofer.fr\/boutique\/"},{"@type":"ListItem","position":3,"name":"Sandales 562 Bride \u2013 Rosa"}]},{"@type":"WebSite","@id":"https:\/\/worishofer.fr\/#website","url":"https:\/\/worishofer.fr\/","name":"W\u00f6rishofer - sandales vintage femme","description":"D\u00e9couvrez les sandales R\u00e9tro-Confort-Chic allemandes W\u00f6rishofer !","publisher":{"@id":"https:\/\/worishofer.fr\/#organization"},"potentialAction":[{"@type":"SearchAction","target":{"@type":"EntryPoint","urlTemplate":"https:\/\/worishofer.fr\/?s={search_term_string}"},"query-input":{"@type":"PropertyValueSpecification","valueRequired":true,"valueName":"search_term_string"}}],"inLanguage":"en-US"},{"@type":"Organization","@id":"https:\/\/worishofer.fr\/#organization","name":"W\u00f6rishofer","url":"https:\/\/worishofer.fr\/","logo":{"@type":"ImageObject","inLanguage":"en-US","@id":"https:\/\/worishofer.fr\/#\/schema\/logo\/image\/","url":"https:\/\/worishofer.fr\/wp-content\/uploads\/2017\/10\/LOGO-WORISHOFER-2600.jpg","contentUrl":"https:\/\/worishofer.fr\/wp-content\/uploads\/2017\/10\/LOGO-WORISHOFER-2600.jpg","width":2600,"height":2600,"caption":"W\u00f6rishofer"},"image":{"@id":"https:\/\/worishofer.fr\/#\/schema\/logo\/image\/"}}]}},"_links":{"self":[{"href":"https:\/\/worishofer.fr\/en\/wp-json\/wp\/v2\/product\/2289","targetHints":{"allow":["GET"]}}],"collection":[{"href":"https:\/\/worishofer.fr\/en\/wp-json\/wp\/v2\/product"}],"about":[{"href":"https:\/\/worishofer.fr\/en\/wp-json\/wp\/v2\/types\/product"}],"replies":[{"embeddable":true,"href":"https:\/\/worishofer.fr\/en\/wp-json\/wp\/v2\/comments?post=2289"}],"wp:featuredmedia":[{"embeddable":true,"href":"https:\/\/worishofer.fr\/en\/wp-json\/wp\/v2\/media\/2295"}],"wp:attachment":[{"href":"https:\/\/worishofer.fr\/en\/wp-json\/wp\/v2\/media?parent=2289"}],"wp:term":[{"taxonomy":"product_brand","embeddable":true,"href":"https:\/\/worishofer.fr\/en\/wp-json\/wp\/v2\/product_brand?post=2289"},{"taxonomy":"product_cat","embeddable":true,"href":"https:\/\/worishofer.fr\/en\/wp-json\/wp\/v2\/product_cat?post=2289"},{"taxonomy":"product_tag","embeddable":true,"href":"https:\/\/worishofer.fr\/en\/wp-json\/wp\/v2\/product_tag?post=2289"}],"curies":[{"name":"wp","href":"https:\/\/api.w.org\/{rel}","templated":true}]}}