{"id":1317,"date":"2021-07-07T16:26:29","date_gmt":"2021-07-07T14:26:29","guid":{"rendered":"https:\/\/worishofer.fr\/?post_type=product&#038;p=1317"},"modified":"2025-12-09T12:39:48","modified_gmt":"2025-12-09T11:39:48","slug":"sandales-780w-bride-wedge-kirsche","status":"publish","type":"product","link":"https:\/\/worishofer.fr\/en\/boutique\/sandales-780w-bride-wedge-kirsche\/","title":{"rendered":"Sandales 780W Bride Wedge \u2013 Rouge"},"content":{"rendered":"<p>D\u00e9couvrez les sandales Wedge W\u00f6rishofer 780W, avec bride arri\u00e8re au talon, cuir rouge crois\u00e9 \u00e0 l&rsquo;avant.<\/p>\n<p>Retro-chic and always in trend, for an absolute comfort.<\/p>\n<p>Cork Platform ~8cm at the heel and 4cm midsole, rubber outsole.<\/p>\n<p>&nbsp;<\/p>","protected":false},"excerpt":{"rendered":"<p>Discover the wedge W\u00f6rishofer #780W Ankle Sandals with a snake print leather upper.<\/p>\n<p>Vintage and Chic, for an almost orthopedic comfort with no match, with their cork &amp; rubber sole.<\/p>","protected":false},"featured_media":1320,"comment_status":"closed","ping_status":"closed","template":"","meta":[],"product_brand":[],"product_cat":[33,39],"product_tag":[28,40,29],"class_list":{"0":"post-1317","1":"product","2":"type-product","3":"status-publish","4":"has-post-thumbnail","6":"product_cat-bride-arriere","7":"product_cat-sandales-plateforme","8":"product_tag-sandales-allemandes","9":"product_tag-wedge","10":"product_tag-worishofer","11":"pa_coloris-cuir-rouge","12":"pa_pointure-20","14":"first","15":"instock","16":"taxable","17":"shipping-taxable","18":"purchasable","19":"product-type-variable"},"yoast_head":"<!-- This site is optimized with the Yoast SEO plugin v27.1.1 - https:\/\/yoast.com\/product\/yoast-seo-wordpress\/ -->\n<title>Sandales 780W Bride Wedge \u2013 Rouge<\/title>\n<meta name=\"description\" content=\"Sandales allemandes vintage dessus cuir, semelle li\u00e8ge et caoutchouc, forme ergonomique pour un confort orthop\u00e9dique\" \/>\n<meta name=\"robots\" content=\"index, follow, max-snippet:-1, max-image-preview:large, max-video-preview:-1\" \/>\n<link rel=\"canonical\" href=\"https:\/\/worishofer.fr\/en\/boutique\/sandales-780w-bride-wedge-kirsche\/\" \/>\n<meta property=\"og:locale\" content=\"en_US\" \/>\n<meta property=\"og:type\" content=\"article\" \/>\n<meta property=\"og:title\" content=\"Sandales 780W Bride Wedge \u2013 Rouge\" \/>\n<meta property=\"og:description\" content=\"Sandales allemandes vintage dessus cuir, semelle li\u00e8ge et caoutchouc, forme ergonomique pour un confort orthop\u00e9dique\" \/>\n<meta property=\"og:url\" content=\"https:\/\/worishofer.fr\/en\/boutique\/sandales-780w-bride-wedge-kirsche\/\" \/>\n<meta property=\"og:site_name\" content=\"W\u00f6rishofer - sandales vintage femme\" \/>\n<meta property=\"article:modified_time\" content=\"2025-12-09T11:39:48+00:00\" \/>\n<meta property=\"og:image\" content=\"https:\/\/worishofer.fr\/wp-content\/uploads\/2021\/07\/780W-KRSCH-main-right-2800-Worishofer-scaled.jpg\" \/>\n\t<meta property=\"og:image:width\" content=\"2560\" \/>\n\t<meta property=\"og:image:height\" content=\"2560\" \/>\n\t<meta property=\"og:image:type\" content=\"image\/jpeg\" \/>\n<meta name=\"twitter:card\" content=\"summary_large_image\" \/>\n<meta name=\"twitter:label1\" content=\"Est. reading time\" \/>\n\t<meta name=\"twitter:data1\" content=\"1 minute\" \/>\n<script type=\"application\/ld+json\" class=\"yoast-schema-graph\">{\"@context\":\"https:\/\/schema.org\",\"@graph\":[{\"@type\":\"WebPage\",\"@id\":\"https:\/\/worishofer.fr\/boutique\/sandales-780w-bride-wedge-kirsche\/\",\"url\":\"https:\/\/worishofer.fr\/boutique\/sandales-780w-bride-wedge-kirsche\/\",\"name\":\"Sandales 780W Bride Wedge \u2013 Rouge\",\"isPartOf\":{\"@id\":\"https:\/\/worishofer.fr\/#website\"},\"primaryImageOfPage\":{\"@id\":\"https:\/\/worishofer.fr\/boutique\/sandales-780w-bride-wedge-kirsche\/#primaryimage\"},\"image\":{\"@id\":\"https:\/\/worishofer.fr\/boutique\/sandales-780w-bride-wedge-kirsche\/#primaryimage\"},\"thumbnailUrl\":\"https:\/\/worishofer.fr\/wp-content\/uploads\/2021\/07\/780W-KRSCH-main-right-2800-Worishofer-scaled.jpg\",\"datePublished\":\"2021-07-07T14:26:29+00:00\",\"dateModified\":\"2025-12-09T11:39:48+00:00\",\"description\":\"Sandales allemandes vintage dessus cuir, semelle li\u00e8ge et caoutchouc, forme ergonomique pour un confort orthop\u00e9dique\",\"breadcrumb\":{\"@id\":\"https:\/\/worishofer.fr\/boutique\/sandales-780w-bride-wedge-kirsche\/#breadcrumb\"},\"inLanguage\":\"en-US\",\"potentialAction\":[{\"@type\":\"ReadAction\",\"target\":[\"https:\/\/worishofer.fr\/boutique\/sandales-780w-bride-wedge-kirsche\/\"]}]},{\"@type\":\"ImageObject\",\"inLanguage\":\"en-US\",\"@id\":\"https:\/\/worishofer.fr\/boutique\/sandales-780w-bride-wedge-kirsche\/#primaryimage\",\"url\":\"https:\/\/worishofer.fr\/wp-content\/uploads\/2021\/07\/780W-KRSCH-main-right-2800-Worishofer-scaled.jpg\",\"contentUrl\":\"https:\/\/worishofer.fr\/wp-content\/uploads\/2021\/07\/780W-KRSCH-main-right-2800-Worishofer-scaled.jpg\",\"width\":2560,\"height\":2560},{\"@type\":\"BreadcrumbList\",\"@id\":\"https:\/\/worishofer.fr\/boutique\/sandales-780w-bride-wedge-kirsche\/#breadcrumb\",\"itemListElement\":[{\"@type\":\"ListItem\",\"position\":1,\"name\":\"Accueil\",\"item\":\"https:\/\/worishofer.fr\/\"},{\"@type\":\"ListItem\",\"position\":2,\"name\":\"Boutique\",\"item\":\"https:\/\/worishofer.fr\/boutique\/\"},{\"@type\":\"ListItem\",\"position\":3,\"name\":\"Sandales 780W Bride Wedge \u2013 Rouge\"}]},{\"@type\":\"WebSite\",\"@id\":\"https:\/\/worishofer.fr\/#website\",\"url\":\"https:\/\/worishofer.fr\/\",\"name\":\"W\u00f6rishofer - sandales vintage femme\",\"description\":\"D\u00e9couvrez les sandales R\u00e9tro-Confort-Chic allemandes W\u00f6rishofer !\",\"publisher\":{\"@id\":\"https:\/\/worishofer.fr\/#organization\"},\"potentialAction\":[{\"@type\":\"SearchAction\",\"target\":{\"@type\":\"EntryPoint\",\"urlTemplate\":\"https:\/\/worishofer.fr\/?s={search_term_string}\"},\"query-input\":{\"@type\":\"PropertyValueSpecification\",\"valueRequired\":true,\"valueName\":\"search_term_string\"}}],\"inLanguage\":\"en-US\"},{\"@type\":\"Organization\",\"@id\":\"https:\/\/worishofer.fr\/#organization\",\"name\":\"W\u00f6rishofer\",\"url\":\"https:\/\/worishofer.fr\/\",\"logo\":{\"@type\":\"ImageObject\",\"inLanguage\":\"en-US\",\"@id\":\"https:\/\/worishofer.fr\/#\/schema\/logo\/image\/\",\"url\":\"https:\/\/worishofer.fr\/wp-content\/uploads\/2017\/10\/LOGO-WORISHOFER-2600.jpg\",\"contentUrl\":\"https:\/\/worishofer.fr\/wp-content\/uploads\/2017\/10\/LOGO-WORISHOFER-2600.jpg\",\"width\":2600,\"height\":2600,\"caption\":\"W\u00f6rishofer\"},\"image\":{\"@id\":\"https:\/\/worishofer.fr\/#\/schema\/logo\/image\/\"}}]}<\/script>\n<!-- \/ Yoast SEO plugin. -->","yoast_head_json":{"title":"Sandales 780W Bride Wedge \u2013 Rouge","description":"Sandales allemandes vintage dessus cuir, semelle li\u00e8ge et caoutchouc, forme ergonomique pour un confort orthop\u00e9dique","robots":{"index":"index","follow":"follow","max-snippet":"max-snippet:-1","max-image-preview":"max-image-preview:large","max-video-preview":"max-video-preview:-1"},"canonical":"https:\/\/worishofer.fr\/en\/boutique\/sandales-780w-bride-wedge-kirsche\/","og_locale":"en_US","og_type":"article","og_title":"Sandales 780W Bride Wedge \u2013 Rouge","og_description":"Sandales allemandes vintage dessus cuir, semelle li\u00e8ge et caoutchouc, forme ergonomique pour un confort orthop\u00e9dique","og_url":"https:\/\/worishofer.fr\/en\/boutique\/sandales-780w-bride-wedge-kirsche\/","og_site_name":"W\u00f6rishofer - sandales vintage femme","article_modified_time":"2025-12-09T11:39:48+00:00","og_image":[{"width":2560,"height":2560,"url":"https:\/\/worishofer.fr\/wp-content\/uploads\/2021\/07\/780W-KRSCH-main-right-2800-Worishofer-scaled.jpg","type":"image\/jpeg"}],"twitter_card":"summary_large_image","twitter_misc":{"Est. reading time":"1 minute"},"schema":{"@context":"https:\/\/schema.org","@graph":[{"@type":"WebPage","@id":"https:\/\/worishofer.fr\/boutique\/sandales-780w-bride-wedge-kirsche\/","url":"https:\/\/worishofer.fr\/boutique\/sandales-780w-bride-wedge-kirsche\/","name":"Sandales 780W Bride Wedge \u2013 Rouge","isPartOf":{"@id":"https:\/\/worishofer.fr\/#website"},"primaryImageOfPage":{"@id":"https:\/\/worishofer.fr\/boutique\/sandales-780w-bride-wedge-kirsche\/#primaryimage"},"image":{"@id":"https:\/\/worishofer.fr\/boutique\/sandales-780w-bride-wedge-kirsche\/#primaryimage"},"thumbnailUrl":"https:\/\/worishofer.fr\/wp-content\/uploads\/2021\/07\/780W-KRSCH-main-right-2800-Worishofer-scaled.jpg","datePublished":"2021-07-07T14:26:29+00:00","dateModified":"2025-12-09T11:39:48+00:00","description":"Sandales allemandes vintage dessus cuir, semelle li\u00e8ge et caoutchouc, forme ergonomique pour un confort orthop\u00e9dique","breadcrumb":{"@id":"https:\/\/worishofer.fr\/boutique\/sandales-780w-bride-wedge-kirsche\/#breadcrumb"},"inLanguage":"en-US","potentialAction":[{"@type":"ReadAction","target":["https:\/\/worishofer.fr\/boutique\/sandales-780w-bride-wedge-kirsche\/"]}]},{"@type":"ImageObject","inLanguage":"en-US","@id":"https:\/\/worishofer.fr\/boutique\/sandales-780w-bride-wedge-kirsche\/#primaryimage","url":"https:\/\/worishofer.fr\/wp-content\/uploads\/2021\/07\/780W-KRSCH-main-right-2800-Worishofer-scaled.jpg","contentUrl":"https:\/\/worishofer.fr\/wp-content\/uploads\/2021\/07\/780W-KRSCH-main-right-2800-Worishofer-scaled.jpg","width":2560,"height":2560},{"@type":"BreadcrumbList","@id":"https:\/\/worishofer.fr\/boutique\/sandales-780w-bride-wedge-kirsche\/#breadcrumb","itemListElement":[{"@type":"ListItem","position":1,"name":"Accueil","item":"https:\/\/worishofer.fr\/"},{"@type":"ListItem","position":2,"name":"Boutique","item":"https:\/\/worishofer.fr\/boutique\/"},{"@type":"ListItem","position":3,"name":"Sandales 780W Bride Wedge \u2013 Rouge"}]},{"@type":"WebSite","@id":"https:\/\/worishofer.fr\/#website","url":"https:\/\/worishofer.fr\/","name":"W\u00f6rishofer - sandales vintage femme","description":"D\u00e9couvrez les sandales R\u00e9tro-Confort-Chic allemandes W\u00f6rishofer !","publisher":{"@id":"https:\/\/worishofer.fr\/#organization"},"potentialAction":[{"@type":"SearchAction","target":{"@type":"EntryPoint","urlTemplate":"https:\/\/worishofer.fr\/?s={search_term_string}"},"query-input":{"@type":"PropertyValueSpecification","valueRequired":true,"valueName":"search_term_string"}}],"inLanguage":"en-US"},{"@type":"Organization","@id":"https:\/\/worishofer.fr\/#organization","name":"W\u00f6rishofer","url":"https:\/\/worishofer.fr\/","logo":{"@type":"ImageObject","inLanguage":"en-US","@id":"https:\/\/worishofer.fr\/#\/schema\/logo\/image\/","url":"https:\/\/worishofer.fr\/wp-content\/uploads\/2017\/10\/LOGO-WORISHOFER-2600.jpg","contentUrl":"https:\/\/worishofer.fr\/wp-content\/uploads\/2017\/10\/LOGO-WORISHOFER-2600.jpg","width":2600,"height":2600,"caption":"W\u00f6rishofer"},"image":{"@id":"https:\/\/worishofer.fr\/#\/schema\/logo\/image\/"}}]}},"_links":{"self":[{"href":"https:\/\/worishofer.fr\/en\/wp-json\/wp\/v2\/product\/1317","targetHints":{"allow":["GET"]}}],"collection":[{"href":"https:\/\/worishofer.fr\/en\/wp-json\/wp\/v2\/product"}],"about":[{"href":"https:\/\/worishofer.fr\/en\/wp-json\/wp\/v2\/types\/product"}],"replies":[{"embeddable":true,"href":"https:\/\/worishofer.fr\/en\/wp-json\/wp\/v2\/comments?post=1317"}],"wp:featuredmedia":[{"embeddable":true,"href":"https:\/\/worishofer.fr\/en\/wp-json\/wp\/v2\/media\/1320"}],"wp:attachment":[{"href":"https:\/\/worishofer.fr\/en\/wp-json\/wp\/v2\/media?parent=1317"}],"wp:term":[{"taxonomy":"product_brand","embeddable":true,"href":"https:\/\/worishofer.fr\/en\/wp-json\/wp\/v2\/product_brand?post=1317"},{"taxonomy":"product_cat","embeddable":true,"href":"https:\/\/worishofer.fr\/en\/wp-json\/wp\/v2\/product_cat?post=1317"},{"taxonomy":"product_tag","embeddable":true,"href":"https:\/\/worishofer.fr\/en\/wp-json\/wp\/v2\/product_tag?post=1317"}],"curies":[{"name":"wp","href":"https:\/\/api.w.org\/{rel}","templated":true}]}}