{"id":9,"date":"2017-10-01T23:16:47","date_gmt":"2017-10-01T21:16:47","guid":{"rendered":"https:\/\/worishofer.fr\/?page_id=9"},"modified":"2020-12-07T13:26:57","modified_gmt":"2020-12-07T12:26:57","slug":"welcome","status":"publish","type":"page","link":"https:\/\/worishofer.fr\/en\/","title":{"rendered":"Accueil"},"content":{"rendered":"<div class='white' style='background:#fafafa; border:solid 0px #f0f0f0; border-radius:3px; padding:1px 1px 1px 1px;'>\n<div id='sample_slider' class='owl-carousel sa_owl_theme owl-pagination-true autohide-arrows' data-slider-id='sample_slider' style='visibility:hidden;'>\n<div id='sample_slider_slide01' class='sa_hover_container' style='padding:1% 0%; margin:0px 0%; background-color:rgb(255, 255, 255); '><p><img loading=\"lazy\" decoding=\"async\" class=\"aligncenter wp-image-1399 size-full\" src=\"https:\/\/worishofer.fr\/wp-content\/uploads\/2022\/03\/slide-multi-scaled.jpg\" alt=\"\" width=\"2560\" height=\"1117\" srcset=\"https:\/\/worishofer.fr\/wp-content\/uploads\/2022\/03\/slide-multi-scaled.jpg 2560w, https:\/\/worishofer.fr\/wp-content\/uploads\/2022\/03\/slide-multi-300x131.jpg 300w, https:\/\/worishofer.fr\/wp-content\/uploads\/2022\/03\/slide-multi-1024x447.jpg 1024w, https:\/\/worishofer.fr\/wp-content\/uploads\/2022\/03\/slide-multi-768x335.jpg 768w, https:\/\/worishofer.fr\/wp-content\/uploads\/2022\/03\/slide-multi-1536x670.jpg 1536w, https:\/\/worishofer.fr\/wp-content\/uploads\/2022\/03\/slide-multi-2048x894.jpg 2048w, https:\/\/worishofer.fr\/wp-content\/uploads\/2022\/03\/slide-multi-416x182.jpg 416w\" sizes=\"auto, (max-width: 2560px) 100vw, 2560px\" \/><\/p><\/div>\n<div id='sample_slider_slide02' class='sa_hover_container' style='padding:1% 0%; margin:0px 0%; '><p><img loading=\"lazy\" decoding=\"async\" class=\"alignnone size-full wp-image-1400\" src=\"https:\/\/worishofer.fr\/wp-content\/uploads\/2022\/03\/slide2.jpg\" alt=\"\" width=\"1620\" height=\"707\" srcset=\"https:\/\/worishofer.fr\/wp-content\/uploads\/2022\/03\/slide2.jpg 1620w, https:\/\/worishofer.fr\/wp-content\/uploads\/2022\/03\/slide2-300x131.jpg 300w, https:\/\/worishofer.fr\/wp-content\/uploads\/2022\/03\/slide2-1024x447.jpg 1024w, https:\/\/worishofer.fr\/wp-content\/uploads\/2022\/03\/slide2-768x335.jpg 768w, https:\/\/worishofer.fr\/wp-content\/uploads\/2022\/03\/slide2-1536x670.jpg 1536w, https:\/\/worishofer.fr\/wp-content\/uploads\/2022\/03\/slide2-416x182.jpg 416w\" sizes=\"auto, (max-width: 1620px) 100vw, 1620px\" \/><\/p><\/div>\n<div id='sample_slider_slide03' class='sa_hover_container' style='padding:1% 0%; margin:0px 0%; background-color:rgb(255, 255, 255); '><p><img loading=\"lazy\" decoding=\"async\" class=\"alignnone wp-image-749 size-full\" src=\"https:\/\/worishofer.fr\/wp-content\/uploads\/2017\/10\/251-kupfer.jpg\" alt=\"\" width=\"1920\" height=\"838\" srcset=\"https:\/\/worishofer.fr\/wp-content\/uploads\/2017\/10\/251-kupfer.jpg 1920w, https:\/\/worishofer.fr\/wp-content\/uploads\/2017\/10\/251-kupfer-300x131.jpg 300w, https:\/\/worishofer.fr\/wp-content\/uploads\/2017\/10\/251-kupfer-768x335.jpg 768w, https:\/\/worishofer.fr\/wp-content\/uploads\/2017\/10\/251-kupfer-1024x447.jpg 1024w, https:\/\/worishofer.fr\/wp-content\/uploads\/2017\/10\/251-kupfer-416x182.jpg 416w\" sizes=\"auto, (max-width: 1920px) 100vw, 1920px\" \/><\/p><\/div>\n<\/div>\n<\/div>\n<script type='text\/javascript'>\n\tjQuery(document).ready(function() {\n\t\tjQuery('#sample_slider').owlCarousel({\n\t\t\titems : 1,\n\t\t\tsmartSpeed : 300,\n\t\t\tautoplay : true,\n\t\t\tautoplayTimeout : 4000,\n\t\t\tautoplayHoverPause : true,\n\t\t\tsmartSpeed : 300,\n\t\t\tfluidSpeed : 300,\n\t\t\tautoplaySpeed : 300,\n\t\t\tnavSpeed : 300,\n\t\t\tdotsSpeed : 300,\n\t\t\tloop : true,\n\t\t\tnav : true,\n\t\t\tnavText : ['Previous','Next'],\n\t\t\tdots : true,\n\t\t\tresponsiveRefreshRate : 200,\n\t\t\tslideBy : 1,\n\t\t\tmergeFit : true,\n\t\t\tautoHeight : false,\n\t\t\tmouseDrag : true,\n\t\t\ttouchDrag : true\n\t\t});\n\t\tjQuery('#sample_slider').css('visibility', 'visible');\n\t\tvar owl_goto = jQuery('#sample_slider');\n\t\tjQuery('.sample_slider_goto1').click(function(event){\n\t\t\towl_goto.trigger('to.owl.carousel', 0);\n\t\t});\n\t\tjQuery('.sample_slider_goto2').click(function(event){\n\t\t\towl_goto.trigger('to.owl.carousel', 1);\n\t\t});\n\t\tjQuery('.sample_slider_goto3').click(function(event){\n\t\t\towl_goto.trigger('to.owl.carousel', 2);\n\t\t});\n\t\tvar resize_33 = jQuery('.owl-carousel');\n\t\tresize_33.on('initialized.owl.carousel', function(e) {\n\t\t\tif (typeof(Event) === 'function') {\n\t\t\t\twindow.dispatchEvent(new Event('resize'));\n\t\t\t} else {\n\t\t\t\tvar evt = window.document.createEvent('UIEvents');\n\t\t\t\tevt.initUIEvent('resize', true, false, window, 0);\n\t\t\t\twindow.dispatchEvent(evt);\n\t\t\t}\n\t\t});\n\t});\n<\/script>\n\n<p>Bienvenue sur le site officiel de W\u00f6rishofer, les sandales allemandes r\u00e9tro-chic et confortables que tout le monde adore !<\/p>\n","protected":false},"excerpt":{"rendered":"<p>Welcome to the official W\u00f6rishofer website, the german retro-chic and comfortable sandals everyone adores !<\/p>","protected":false},"author":1,"featured_media":0,"parent":0,"menu_order":0,"comment_status":"closed","ping_status":"closed","template":"template-fullwidth.php","meta":{"footnotes":""},"class_list":["post-9","page","type-page","status-publish","hentry"],"yoast_head":"<!-- This site is optimized with the Yoast SEO plugin v27.4 - https:\/\/yoast.com\/product\/yoast-seo-wordpress\/ -->\n<title>Accueil - W\u00f6rishofer - sandales vintage femme<\/title>\n<meta name=\"robots\" content=\"index, follow, max-snippet:-1, max-image-preview:large, max-video-preview:-1\" \/>\n<link rel=\"canonical\" href=\"https:\/\/worishofer.fr\/en\/\" \/>\n<meta property=\"og:locale\" content=\"en_US\" \/>\n<meta property=\"og:type\" content=\"article\" \/>\n<meta property=\"og:title\" content=\"Accueil - W\u00f6rishofer - sandales vintage femme\" \/>\n<meta property=\"og:description\" content=\"Bienvenue sur le site officiel de W\u00f6rishofer, les sandales allemandes r\u00e9tro-chic et confortables que tout le monde adore !\" \/>\n<meta property=\"og:url\" content=\"https:\/\/worishofer.fr\/en\/\" \/>\n<meta property=\"og:site_name\" content=\"W\u00f6rishofer - sandales vintage femme\" \/>\n<meta property=\"article:modified_time\" content=\"2020-12-07T12:26:57+00:00\" \/>\n<meta name=\"twitter:card\" content=\"summary_large_image\" \/>\n<script type=\"application\/ld+json\" class=\"yoast-schema-graph\">{\"@context\":\"https:\\\/\\\/schema.org\",\"@graph\":[{\"@type\":\"WebPage\",\"@id\":\"https:\\\/\\\/worishofer.fr\\\/\",\"url\":\"https:\\\/\\\/worishofer.fr\\\/\",\"name\":\"Accueil - W\u00f6rishofer - sandales vintage femme\",\"isPartOf\":{\"@id\":\"https:\\\/\\\/worishofer.fr\\\/#website\"},\"datePublished\":\"2017-10-01T21:16:47+00:00\",\"dateModified\":\"2020-12-07T12:26:57+00:00\",\"breadcrumb\":{\"@id\":\"https:\\\/\\\/worishofer.fr\\\/#breadcrumb\"},\"inLanguage\":\"en-US\",\"potentialAction\":[{\"@type\":\"ReadAction\",\"target\":[\"https:\\\/\\\/worishofer.fr\\\/\"]}]},{\"@type\":\"BreadcrumbList\",\"@id\":\"https:\\\/\\\/worishofer.fr\\\/#breadcrumb\",\"itemListElement\":[{\"@type\":\"ListItem\",\"position\":1,\"name\":\"Accueil\",\"item\":\"https:\\\/\\\/worishofer.fr\\\/\"},{\"@type\":\"ListItem\",\"position\":2,\"name\":\"Accueil\"}]},{\"@type\":\"WebSite\",\"@id\":\"https:\\\/\\\/worishofer.fr\\\/#website\",\"url\":\"https:\\\/\\\/worishofer.fr\\\/\",\"name\":\"W\u00f6rishofer - sandales vintage femme\",\"description\":\"D\u00e9couvrez les sandales R\u00e9tro-Confort-Chic allemandes W\u00f6rishofer !\",\"publisher\":{\"@id\":\"https:\\\/\\\/worishofer.fr\\\/#organization\"},\"potentialAction\":[{\"@type\":\"SearchAction\",\"target\":{\"@type\":\"EntryPoint\",\"urlTemplate\":\"https:\\\/\\\/worishofer.fr\\\/?s={search_term_string}\"},\"query-input\":{\"@type\":\"PropertyValueSpecification\",\"valueRequired\":true,\"valueName\":\"search_term_string\"}}],\"inLanguage\":\"en-US\"},{\"@type\":\"Organization\",\"@id\":\"https:\\\/\\\/worishofer.fr\\\/#organization\",\"name\":\"W\u00f6rishofer\",\"url\":\"https:\\\/\\\/worishofer.fr\\\/\",\"logo\":{\"@type\":\"ImageObject\",\"inLanguage\":\"en-US\",\"@id\":\"https:\\\/\\\/worishofer.fr\\\/#\\\/schema\\\/logo\\\/image\\\/\",\"url\":\"https:\\\/\\\/worishofer.fr\\\/wp-content\\\/uploads\\\/2017\\\/10\\\/LOGO-WORISHOFER-2600.jpg\",\"contentUrl\":\"https:\\\/\\\/worishofer.fr\\\/wp-content\\\/uploads\\\/2017\\\/10\\\/LOGO-WORISHOFER-2600.jpg\",\"width\":2600,\"height\":2600,\"caption\":\"W\u00f6rishofer\"},\"image\":{\"@id\":\"https:\\\/\\\/worishofer.fr\\\/#\\\/schema\\\/logo\\\/image\\\/\"}}]}<\/script>\n<!-- \/ Yoast SEO plugin. -->","yoast_head_json":{"title":"Accueil - W\u00f6rishofer - sandales vintage femme","robots":{"index":"index","follow":"follow","max-snippet":"max-snippet:-1","max-image-preview":"max-image-preview:large","max-video-preview":"max-video-preview:-1"},"canonical":"https:\/\/worishofer.fr\/en\/","og_locale":"en_US","og_type":"article","og_title":"Accueil - W\u00f6rishofer - sandales vintage femme","og_description":"Bienvenue sur le site officiel de W\u00f6rishofer, les sandales allemandes r\u00e9tro-chic et confortables que tout le monde adore !","og_url":"https:\/\/worishofer.fr\/en\/","og_site_name":"W\u00f6rishofer - sandales vintage femme","article_modified_time":"2020-12-07T12:26:57+00:00","twitter_card":"summary_large_image","schema":{"@context":"https:\/\/schema.org","@graph":[{"@type":"WebPage","@id":"https:\/\/worishofer.fr\/","url":"https:\/\/worishofer.fr\/","name":"Accueil - W\u00f6rishofer - sandales vintage femme","isPartOf":{"@id":"https:\/\/worishofer.fr\/#website"},"datePublished":"2017-10-01T21:16:47+00:00","dateModified":"2020-12-07T12:26:57+00:00","breadcrumb":{"@id":"https:\/\/worishofer.fr\/#breadcrumb"},"inLanguage":"en-US","potentialAction":[{"@type":"ReadAction","target":["https:\/\/worishofer.fr\/"]}]},{"@type":"BreadcrumbList","@id":"https:\/\/worishofer.fr\/#breadcrumb","itemListElement":[{"@type":"ListItem","position":1,"name":"Accueil","item":"https:\/\/worishofer.fr\/"},{"@type":"ListItem","position":2,"name":"Accueil"}]},{"@type":"WebSite","@id":"https:\/\/worishofer.fr\/#website","url":"https:\/\/worishofer.fr\/","name":"W\u00f6rishofer - sandales vintage femme","description":"D\u00e9couvrez les sandales R\u00e9tro-Confort-Chic allemandes W\u00f6rishofer !","publisher":{"@id":"https:\/\/worishofer.fr\/#organization"},"potentialAction":[{"@type":"SearchAction","target":{"@type":"EntryPoint","urlTemplate":"https:\/\/worishofer.fr\/?s={search_term_string}"},"query-input":{"@type":"PropertyValueSpecification","valueRequired":true,"valueName":"search_term_string"}}],"inLanguage":"en-US"},{"@type":"Organization","@id":"https:\/\/worishofer.fr\/#organization","name":"W\u00f6rishofer","url":"https:\/\/worishofer.fr\/","logo":{"@type":"ImageObject","inLanguage":"en-US","@id":"https:\/\/worishofer.fr\/#\/schema\/logo\/image\/","url":"https:\/\/worishofer.fr\/wp-content\/uploads\/2017\/10\/LOGO-WORISHOFER-2600.jpg","contentUrl":"https:\/\/worishofer.fr\/wp-content\/uploads\/2017\/10\/LOGO-WORISHOFER-2600.jpg","width":2600,"height":2600,"caption":"W\u00f6rishofer"},"image":{"@id":"https:\/\/worishofer.fr\/#\/schema\/logo\/image\/"}}]}},"_links":{"self":[{"href":"https:\/\/worishofer.fr\/en\/wp-json\/wp\/v2\/pages\/9","targetHints":{"allow":["GET"]}}],"collection":[{"href":"https:\/\/worishofer.fr\/en\/wp-json\/wp\/v2\/pages"}],"about":[{"href":"https:\/\/worishofer.fr\/en\/wp-json\/wp\/v2\/types\/page"}],"author":[{"embeddable":true,"href":"https:\/\/worishofer.fr\/en\/wp-json\/wp\/v2\/users\/1"}],"replies":[{"embeddable":true,"href":"https:\/\/worishofer.fr\/en\/wp-json\/wp\/v2\/comments?post=9"}],"version-history":[{"count":26,"href":"https:\/\/worishofer.fr\/en\/wp-json\/wp\/v2\/pages\/9\/revisions"}],"predecessor-version":[{"id":1178,"href":"https:\/\/worishofer.fr\/en\/wp-json\/wp\/v2\/pages\/9\/revisions\/1178"}],"wp:attachment":[{"href":"https:\/\/worishofer.fr\/en\/wp-json\/wp\/v2\/media?parent=9"}],"curies":[{"name":"wp","href":"https:\/\/api.w.org\/{rel}","templated":true}]}}