{"id":732,"date":"2018-05-30T11:38:50","date_gmt":"2018-05-30T09:38:50","guid":{"rendered":"https:\/\/worishofer.fr\/?page_id=732"},"modified":"2022-07-23T17:08:24","modified_gmt":"2022-07-23T15:08:24","slug":"politique-de-confidentialite","status":"publish","type":"page","link":"https:\/\/worishofer.fr\/en\/politique-de-confidentialite\/","title":{"rendered":"Privacy Policy"},"content":{"rendered":"<h2>Qui sommes-nous\u00a0?<\/h2>\n<p>L\u2019adresse de notre site e-shop (site de vente de chaussures &amp; accessoires sur Internet) est\u00a0: <a href=\"https:\/\/worishofer.fr\">https:\/\/worishofer.fr<\/a><\/p>\n<h2>Utilisation des donn\u00e9es personnelles collect\u00e9es<\/h2>\n<p>Worishofer.fr ne collecte que les donn\u00e9es pr\u00e9sentes dans l\u2019\u00e9cran \u00ab Votre Profil \u00bb des utilisateurs enregistr\u00e9s.<\/p>\n<h3>Commentaires<\/h3>\n<p>Quand vous laissez un commentaire sur notre site web, les donn\u00e9es inscrites dans le formulaire de commentaire, mais aussi votre adresse IP et l\u2019agent utilisateur de votre navigateur sont collect\u00e9s pour nous aider \u00e0 la d\u00e9tection des commentaires ind\u00e9sirables.<\/p>\n<p>Une cha\u00eene anonymis\u00e9e cr\u00e9\u00e9e \u00e0 partir de votre adresse de messagerie (\u00e9galement appel\u00e9e hash) peut \u00eatre envoy\u00e9e au service Gravatar pour v\u00e9rifier si vous utilisez ce dernier. Les clauses de confidentialit\u00e9 du service Gravatar sont disponibles ici\u00a0: https:\/\/automattic.com\/privacy\/. Apr\u00e8s validation de votre commentaire, votre photo de profil sera visible publiquement \u00e0 cot\u00e9 de votre commentaire.<\/p>\n<h3>M\u00e9dias<\/h3>\n<p>Si vous \u00eates un utilisateur ou une utilisatrice enregistr\u00e9(e) et que vous t\u00e9l\u00e9versez des images sur le site web, nous vous conseillons d\u2019\u00e9viter de t\u00e9l\u00e9verser des images contenant des donn\u00e9es EXIF de coordonn\u00e9es GPS. Les visiteurs de votre site web peuvent t\u00e9l\u00e9charger et extraire des donn\u00e9es de localisation depuis ces images.<\/p>\n<h3>Formulaires de contact<\/h3>\n<h3>Cookies<\/h3>\n<p>Si vous d\u00e9posez un commentaire sur notre site, il vous sera propos\u00e9 d\u2019enregistrer votre nom, adresse de messagerie et site web dans des cookies. C\u2019est uniquement pour votre confort afin de ne pas avoir \u00e0 saisir ces informations si vous d\u00e9posez un autre commentaire plus tard. Ces cookies expirent au bout d\u2019un an.<\/p>\n<p>Si vous avez un compte et que vous vous connectez sur ce site, un cookie temporaire sera cr\u00e9\u00e9 afin de d\u00e9terminer si votre navigateur accepte les cookies. Il ne contient pas de donn\u00e9es personnelles et sera supprim\u00e9 automatiquement \u00e0 la fermeture de votre navigateur.<\/p>\n<p>Lorsque vous vous connecterez, nous mettrons en place un certain nombre de cookies pour enregistrer vos informations de connexion et vos pr\u00e9f\u00e9rences d\u2019\u00e9cran. La dur\u00e9e de vie d\u2019un cookie de connexion est de deux jours, celle d\u2019un cookie d\u2019option d\u2019\u00e9cran est d\u2019un an. Si vous cochez \u00ab\u00a0Se souvenir de moi\u00a0\u00bb, votre cookie de connexion sera conserv\u00e9 pendant deux semaines. Si vous vous d\u00e9connectez de votre compte, le cookie de connexion sera effac\u00e9.<\/p>\n<p>En modifiant ou en publiant un article, un cookie suppl\u00e9mentaire sera enregistr\u00e9 dans votre navigateur. Ce cookie ne comprend aucune donn\u00e9e personnelle. Il indique simplement l\u2019identifiant de l\u2019article que vous venez de modifier. Il expire au bout d\u2019un jour.<\/p>\n<h3>Contenu embarqu\u00e9 depuis d\u2019autres sites<\/h3>\n<p>Les articles de ce site peuvent inclure des contenus int\u00e9gr\u00e9s (par exemple des vid\u00e9os, images, articles\u2026). Le contenu int\u00e9gr\u00e9 depuis d\u2019autres sites se comporte de la m\u00eame mani\u00e8re que si le visiteur se rendait sur cet autre site.<\/p>\n<p>Ces sites web pourraient collecter des donn\u00e9es sur vous, utiliser des cookies, embarquer des outils de suivis tiers, suivre vos interactions avec ces contenus embarqu\u00e9s si vous disposez d\u2019un compte connect\u00e9 sur leur site web.<\/p>\n<h3>Statistiques et mesures d\u2019audience<\/h3>\n<p>Worishofer.fr ne collecte aucune statistique des visites.<\/p>\n<h2>Utilisation et transmission de vos donn\u00e9es personnelles<\/h2>\n<p>Les donn\u00e9es personnelles transmises par un utilisateur client sont sont uniquement communiqu\u00e9es \u00e0 nos partenaires suivant dans le cadre du traitement d&rsquo;une commande :<br \/>\n\u2022\u00a0Stripe (si ce moyen de paiement est utilis\u00e9)<br \/>\n\u2022\u00a0Paypal (si ce moyen de paiement est utilis\u00e9)<br \/>\n\u2022\u00a0Chronopost (si ce moyen de transport est utilis\u00e9)<br \/>\n\u2022\u00a0Colissimo (si ce moyen de transport est utilis\u00e9)<\/p>\n<h2>Dur\u00e9e de stockage de vos donn\u00e9es<\/h2>\n<p>Si vous laissez un commentaire, le commentaire et ses m\u00e9tadonn\u00e9es sont conserv\u00e9s ind\u00e9finiment. Cela permet de reconna\u00eetre et approuver automatiquement les commentaires suivants au lieu de les laisser dans la file de mod\u00e9ration.<\/p>\n<p>Pour les utilisateurs et utilisatrices qui s\u2019enregistrent sur notre site (si cela est possible), nous stockons \u00e9galement les donn\u00e9es personnelles indiqu\u00e9es dans leur profil. Tous les utilisateurs et utilisatrices peuvent voir, modifier ou supprimer leurs informations personnelles \u00e0 tout moment (\u00e0 l\u2019exception de leur nom d\u2019utilisateur). Les gestionnaires du site peuvent aussi voir et modifier ces informations.<\/p>\n<h2>Les droits que vous avez sur vos donn\u00e9es<\/h2>\n<p>Si vous avez un compte ou si vous avez laiss\u00e9 des commentaires sur le site, vous pouvez demander \u00e0 recevoir un fichier contenant toutes les donn\u00e9es personnelles que nous poss\u00e9dons \u00e0 votre sujet, incluant celles que vous nous avez fournies. Vous pouvez \u00e9galement demander la suppression des donn\u00e9es personnelles vous concernant. \u00c0 cet effet vous pouvez nous contacter par e-mail \u00e0 l&rsquo;adresse suivante contact@worishofer.fr<br \/>\nCela ne prend pas en compte les donn\u00e9es stock\u00e9es \u00e0 des fins administratives, l\u00e9gales ou pour des raisons de s\u00e9curit\u00e9.<\/p>\n<h2>Transmission de vos donn\u00e9es personnelles<\/h2>\n<p>Les commentaires des visiteurs peuvent \u00eatre v\u00e9rifi\u00e9s \u00e0 l\u2019aide d\u2019un service automatis\u00e9 de d\u00e9tection des commentaires ind\u00e9sirables.<\/p>\n<h2>Mentions l\u00e9gales et informations de contact de l&rsquo;\u00e9diteur<\/h2>\n<ul>\n<li>D\u00e9nomination : AKAYAMA SARL<\/li>\n<li>Si\u00e8ge social : 99 avenue du 12 F\u00e9vrier 1934, 92240 Malakoff, France<\/li>\n<li>RCS Nanterre : 480 488 816<\/li>\n<li>Capital social : 1000 \u20ac<\/li>\n<li>Num\u00e9ro de TVA intracommunautaire : FR94480488816<\/li>\n<li>T\u00e9l\u00e9phone : 01 83 62 32 44<\/li>\n<li>E-mail : <strong class=\"link\">contact@worishofer.fr<\/strong><\/li>\n<\/ul>\n<h2>H\u00e9bergeur<\/h2>\n<p>1&amp;1 Internet SARL FRANCE<\/p>\n<ul>\n<li>Si\u00e8ge social : 7 place de la Gare &#8211; 57200 SARREGUEMINES<\/li>\n<li>T\u00e9l\u00e9phone : 09 70 80 89 11<\/li>\n<\/ul>\n<h2>Informations suppl\u00e9mentaires<\/h2>\n<p>N\u00e9ant<\/p>\n<h3>Comment nous prot\u00e9geons vos donn\u00e9es<\/h3>\n<p>Worishofer.fr n\u2019enregistre que les donn\u00e9es n\u00e9cessaires \u00e0 l\u2019exercice de l\u2019activit\u00e9 de l\u2019entreprise et \u00e0 la fourniture de prestations de service.<\/p>\n<p>Le responsable de la protection des donn\u00e9es de notre entreprise est Hugues Segal. Vous pouvez vous adresser \u00e0 lui pour toute question ou renseignement compl\u00e9mentaire concernant la protection des donn\u00e9es dans notre entreprise.<\/p>\n<h3>Proc\u00e9dures mises en \u0153uvre en cas de fuite de donn\u00e9es<\/h3>\n<p>En cas de fuite de donn\u00e9es r\u00e9elle voire potentielle, Worishofer.fr et la soci\u00e9t\u00e9 AKAYAMA mettront en \u0153uvre tous les moyens, en lien avec le(s) prestataire(s) externe(s) concern\u00e9(s) et l&rsquo;\u00e9quipe interne de Worishofer.fr afin d\u2019assurer que les donn\u00e9es ne soient pas utilis\u00e9es \u00e0 mauvais dessein contre le Client, et ne soient pas divulgu\u00e9es plus largement.<\/p>\n<h3>Les services tiers qui nous transmettent des donn\u00e9es<\/h3>\n<p>Aucun service tiers ne transmet de donn\u00e9es \u00e0 Worishofer.fr.<\/p>\n<h3>Op\u00e9rations de marketing automatis\u00e9 et\/ou de profilage r\u00e9alis\u00e9es \u00e0 l\u2019aide des donn\u00e9es personnelles<\/h3>\n<p>Aucune op\u00e9ration de marketing automatis\u00e9 ni de profilage ne sont r\u00e9alis\u00e9es sur le site Worishofer.fr \u00e0 l&rsquo;aide des donn\u00e9es personnelles fournies par le Client.<\/p>\n<h3>Affichage des informations li\u00e9es aux secteurs soumis \u00e0 des r\u00e9gulations sp\u00e9cifiques<\/h3>\n<p>Worishofer.fr n&rsquo;est soumis \u00e0 aucune r\u00e9gulation sp\u00e9cifique.<\/p>\n<h2 id=\"droit-applicable\">M\u00c9DIATION<\/h2>\n<p>Selon les articles L 611-1 et suivants du Code de la consommation, le Client a le droit de recourir gratuitement (sauf \u00e9ventuels frais d\u2019avocat et d\u2019expertise) \u00e0 un m\u00e9diateur de la consommation en vue de la r\u00e9solution amiable d\u2019un litige l\u2019opposant \u00e0 Akayama SARL.<br \/>\nAkayama SARL adh\u00e8re au Service du M\u00e9diateur du e-commerce de la FEVAD (F\u00e9d\u00e9ration du E-commerce et de la Vente A Distance) dont les coordonn\u00e9es sont les suivantes : 60 Rue La Bo\u00e9tie \u2013 75008 Paris \u2013 http:\/\/www.mediateurfevad.fr. Apr\u00e8s d\u00e9marche pr\u00e9alable \u00e9crite des consommateurs vis-\u00e0-vis de Worishofer.fr , le Service du M\u00e9diateur peut \u00eatre saisi pour tout litige de consommation dont le r\u00e8glement n\u2019aurait pas abouti. Pour conna\u00eetre les modalit\u00e9s de saisine du M\u00e9diateur, cliquer ici.<br \/>\nDepuis le 15 f\u00e9vrier 2016, la plateforme en ligne de r\u00e8glement amiable des litiges de la Commission europ\u00e9enne est ouverte au public. Tout consommateur qui rencontre un litige avec une entreprise situ\u00e9e sur le territoire de l\u2019Union a la possibilit\u00e9 de d\u00e9poser une demande de m\u00e9diation par le biais de cette plateforme europ\u00e9enne. Vous pouvez consulter \u00e9galement le site internet de la Commission europ\u00e9enne d\u00e9di\u00e9 \u00e0 la m\u00e9diation de la consommation : http:\/\/ec.europa.eu\/consumers\/solving_consumer_disputes\/non-judicial_redress\/adr-odr\/index_en.htm.<\/p>\n<h2 id=\"droit-applicable\">DROIT APPLICABLE<\/h2>\n<p>Les pr\u00e9sentes conditions g\u00e9n\u00e9rales d\u2019utilisation et de vente sont soumises \u00e0 la loi fran\u00e7aise. En cas de d\u00e9saccord persistant sur l&rsquo;application, l&rsquo;interpr\u00e9tation et l\u2019ex\u00e9cution des pr\u00e9sentes, et \u00e0 d\u00e9faut d&rsquo;accord amiable, tout litige rel\u00e8vera des tribunaux comp\u00e9tents fran\u00e7ais.<\/p>","protected":false},"excerpt":{"rendered":"<p>Qui sommes-nous\u00a0? L\u2019adresse de notre site e-shop (site de vente de chaussures &amp; accessoires sur Internet) est\u00a0: https:\/\/worishofer.fr Utilisation des donn\u00e9es personnelles collect\u00e9es Worishofer.fr ne collecte que les donn\u00e9es pr\u00e9sentes dans l\u2019\u00e9cran \u00ab Votre Profil \u00bb des utilisateurs enregistr\u00e9s. Commentaires Quand vous laissez un commentaire sur notre site web, les donn\u00e9es inscrites dans le formulaire [&hellip;]<\/p>\n","protected":false},"author":182,"featured_media":0,"parent":0,"menu_order":0,"comment_status":"closed","ping_status":"closed","template":"","meta":{"footnotes":""},"class_list":["post-732","page","type-page","status-publish","hentry"],"yoast_head":"<!-- This site is optimized with the Yoast SEO plugin v27.3 - https:\/\/yoast.com\/product\/yoast-seo-wordpress\/ -->\n<title>Politique de confidentialit\u00e9 - W\u00f6rishofer - sandales vintage femme<\/title>\n<meta name=\"robots\" content=\"noindex, follow\" \/>\n<meta property=\"og:locale\" content=\"en_US\" \/>\n<meta property=\"og:type\" content=\"article\" \/>\n<meta property=\"og:title\" content=\"Politique de confidentialit\u00e9 - W\u00f6rishofer - sandales vintage femme\" \/>\n<meta property=\"og:description\" content=\"Qui sommes-nous\u00a0? L\u2019adresse de notre site e-shop (site de vente de chaussures &amp; accessoires sur Internet) est\u00a0: https:\/\/worishofer.fr Utilisation des donn\u00e9es personnelles collect\u00e9es Worishofer.fr ne collecte que les donn\u00e9es pr\u00e9sentes dans l\u2019\u00e9cran \u00ab Votre Profil \u00bb des utilisateurs enregistr\u00e9s. Commentaires Quand vous laissez un commentaire sur notre site web, les donn\u00e9es inscrites dans le formulaire [&hellip;]\" \/>\n<meta property=\"og:url\" content=\"https:\/\/worishofer.fr\/en\/politique-de-confidentialite\/\" \/>\n<meta property=\"og:site_name\" content=\"W\u00f6rishofer - sandales vintage femme\" \/>\n<meta property=\"article:modified_time\" content=\"2022-07-23T15:08:24+00:00\" \/>\n<meta name=\"twitter:card\" content=\"summary_large_image\" \/>\n<meta name=\"twitter:label1\" content=\"Est. reading time\" \/>\n\t<meta name=\"twitter:data1\" content=\"7 minutes\" \/>\n<script type=\"application\/ld+json\" class=\"yoast-schema-graph\">{\"@context\":\"https:\\\/\\\/schema.org\",\"@graph\":[{\"@type\":\"WebPage\",\"@id\":\"https:\\\/\\\/worishofer.fr\\\/en\\\/politique-de-confidentialite\\\/\",\"url\":\"https:\\\/\\\/worishofer.fr\\\/en\\\/politique-de-confidentialite\\\/\",\"name\":\"Politique de confidentialit\u00e9 - W\u00f6rishofer - sandales vintage femme\",\"isPartOf\":{\"@id\":\"https:\\\/\\\/worishofer.fr\\\/#website\"},\"datePublished\":\"2018-05-30T09:38:50+00:00\",\"dateModified\":\"2022-07-23T15:08:24+00:00\",\"breadcrumb\":{\"@id\":\"https:\\\/\\\/worishofer.fr\\\/en\\\/politique-de-confidentialite\\\/#breadcrumb\"},\"inLanguage\":\"en-US\",\"potentialAction\":[{\"@type\":\"ReadAction\",\"target\":[\"https:\\\/\\\/worishofer.fr\\\/en\\\/politique-de-confidentialite\\\/\"]}]},{\"@type\":\"BreadcrumbList\",\"@id\":\"https:\\\/\\\/worishofer.fr\\\/en\\\/politique-de-confidentialite\\\/#breadcrumb\",\"itemListElement\":[{\"@type\":\"ListItem\",\"position\":1,\"name\":\"Accueil\",\"item\":\"https:\\\/\\\/worishofer.fr\\\/\"},{\"@type\":\"ListItem\",\"position\":2,\"name\":\"Politique de confidentialit\u00e9\"}]},{\"@type\":\"WebSite\",\"@id\":\"https:\\\/\\\/worishofer.fr\\\/#website\",\"url\":\"https:\\\/\\\/worishofer.fr\\\/\",\"name\":\"W\u00f6rishofer - sandales vintage femme\",\"description\":\"D\u00e9couvrez les sandales R\u00e9tro-Confort-Chic allemandes W\u00f6rishofer !\",\"publisher\":{\"@id\":\"https:\\\/\\\/worishofer.fr\\\/#organization\"},\"potentialAction\":[{\"@type\":\"SearchAction\",\"target\":{\"@type\":\"EntryPoint\",\"urlTemplate\":\"https:\\\/\\\/worishofer.fr\\\/?s={search_term_string}\"},\"query-input\":{\"@type\":\"PropertyValueSpecification\",\"valueRequired\":true,\"valueName\":\"search_term_string\"}}],\"inLanguage\":\"en-US\"},{\"@type\":\"Organization\",\"@id\":\"https:\\\/\\\/worishofer.fr\\\/#organization\",\"name\":\"W\u00f6rishofer\",\"url\":\"https:\\\/\\\/worishofer.fr\\\/\",\"logo\":{\"@type\":\"ImageObject\",\"inLanguage\":\"en-US\",\"@id\":\"https:\\\/\\\/worishofer.fr\\\/#\\\/schema\\\/logo\\\/image\\\/\",\"url\":\"https:\\\/\\\/worishofer.fr\\\/wp-content\\\/uploads\\\/2017\\\/10\\\/LOGO-WORISHOFER-2600.jpg\",\"contentUrl\":\"https:\\\/\\\/worishofer.fr\\\/wp-content\\\/uploads\\\/2017\\\/10\\\/LOGO-WORISHOFER-2600.jpg\",\"width\":2600,\"height\":2600,\"caption\":\"W\u00f6rishofer\"},\"image\":{\"@id\":\"https:\\\/\\\/worishofer.fr\\\/#\\\/schema\\\/logo\\\/image\\\/\"}}]}<\/script>\n<!-- \/ Yoast SEO plugin. -->","yoast_head_json":{"title":"Politique de confidentialit\u00e9 - W\u00f6rishofer - sandales vintage femme","robots":{"index":"noindex","follow":"follow"},"og_locale":"en_US","og_type":"article","og_title":"Politique de confidentialit\u00e9 - W\u00f6rishofer - sandales vintage femme","og_description":"Qui sommes-nous\u00a0? L\u2019adresse de notre site e-shop (site de vente de chaussures &amp; accessoires sur Internet) est\u00a0: https:\/\/worishofer.fr Utilisation des donn\u00e9es personnelles collect\u00e9es Worishofer.fr ne collecte que les donn\u00e9es pr\u00e9sentes dans l\u2019\u00e9cran \u00ab Votre Profil \u00bb des utilisateurs enregistr\u00e9s. Commentaires Quand vous laissez un commentaire sur notre site web, les donn\u00e9es inscrites dans le formulaire [&hellip;]","og_url":"https:\/\/worishofer.fr\/en\/politique-de-confidentialite\/","og_site_name":"W\u00f6rishofer - sandales vintage femme","article_modified_time":"2022-07-23T15:08:24+00:00","twitter_card":"summary_large_image","twitter_misc":{"Est. reading time":"7 minutes"},"schema":{"@context":"https:\/\/schema.org","@graph":[{"@type":"WebPage","@id":"https:\/\/worishofer.fr\/en\/politique-de-confidentialite\/","url":"https:\/\/worishofer.fr\/en\/politique-de-confidentialite\/","name":"Politique de confidentialit\u00e9 - W\u00f6rishofer - sandales vintage femme","isPartOf":{"@id":"https:\/\/worishofer.fr\/#website"},"datePublished":"2018-05-30T09:38:50+00:00","dateModified":"2022-07-23T15:08:24+00:00","breadcrumb":{"@id":"https:\/\/worishofer.fr\/en\/politique-de-confidentialite\/#breadcrumb"},"inLanguage":"en-US","potentialAction":[{"@type":"ReadAction","target":["https:\/\/worishofer.fr\/en\/politique-de-confidentialite\/"]}]},{"@type":"BreadcrumbList","@id":"https:\/\/worishofer.fr\/en\/politique-de-confidentialite\/#breadcrumb","itemListElement":[{"@type":"ListItem","position":1,"name":"Accueil","item":"https:\/\/worishofer.fr\/"},{"@type":"ListItem","position":2,"name":"Politique de confidentialit\u00e9"}]},{"@type":"WebSite","@id":"https:\/\/worishofer.fr\/#website","url":"https:\/\/worishofer.fr\/","name":"W\u00f6rishofer - sandales vintage femme","description":"D\u00e9couvrez les sandales R\u00e9tro-Confort-Chic allemandes W\u00f6rishofer !","publisher":{"@id":"https:\/\/worishofer.fr\/#organization"},"potentialAction":[{"@type":"SearchAction","target":{"@type":"EntryPoint","urlTemplate":"https:\/\/worishofer.fr\/?s={search_term_string}"},"query-input":{"@type":"PropertyValueSpecification","valueRequired":true,"valueName":"search_term_string"}}],"inLanguage":"en-US"},{"@type":"Organization","@id":"https:\/\/worishofer.fr\/#organization","name":"W\u00f6rishofer","url":"https:\/\/worishofer.fr\/","logo":{"@type":"ImageObject","inLanguage":"en-US","@id":"https:\/\/worishofer.fr\/#\/schema\/logo\/image\/","url":"https:\/\/worishofer.fr\/wp-content\/uploads\/2017\/10\/LOGO-WORISHOFER-2600.jpg","contentUrl":"https:\/\/worishofer.fr\/wp-content\/uploads\/2017\/10\/LOGO-WORISHOFER-2600.jpg","width":2600,"height":2600,"caption":"W\u00f6rishofer"},"image":{"@id":"https:\/\/worishofer.fr\/#\/schema\/logo\/image\/"}}]}},"_links":{"self":[{"href":"https:\/\/worishofer.fr\/en\/wp-json\/wp\/v2\/pages\/732","targetHints":{"allow":["GET"]}}],"collection":[{"href":"https:\/\/worishofer.fr\/en\/wp-json\/wp\/v2\/pages"}],"about":[{"href":"https:\/\/worishofer.fr\/en\/wp-json\/wp\/v2\/types\/page"}],"author":[{"embeddable":true,"href":"https:\/\/worishofer.fr\/en\/wp-json\/wp\/v2\/users\/182"}],"replies":[{"embeddable":true,"href":"https:\/\/worishofer.fr\/en\/wp-json\/wp\/v2\/comments?post=732"}],"version-history":[{"count":4,"href":"https:\/\/worishofer.fr\/en\/wp-json\/wp\/v2\/pages\/732\/revisions"}],"predecessor-version":[{"id":1728,"href":"https:\/\/worishofer.fr\/en\/wp-json\/wp\/v2\/pages\/732\/revisions\/1728"}],"wp:attachment":[{"href":"https:\/\/worishofer.fr\/en\/wp-json\/wp\/v2\/media?parent=732"}],"curies":[{"name":"wp","href":"https:\/\/api.w.org\/{rel}","templated":true}]}}