{"id":2129,"date":"2023-08-01T00:18:16","date_gmt":"2023-07-31T22:18:16","guid":{"rendered":"https:\/\/worishofer.fr\/?page_id=2129"},"modified":"2023-08-01T00:20:06","modified_gmt":"2023-07-31T22:20:06","slug":"merci","status":"publish","type":"page","link":"https:\/\/worishofer.fr\/en\/merci\/","title":{"rendered":"MERCI"},"content":{"rendered":"<h2 class=\"wp-block-heading alignwide has-text-align-center\">MERCI !<\/h2>\n\n\n<div class=\"wp-block-image\">\n<figure class=\"aligncenter size-full\"><img loading=\"lazy\" decoding=\"async\" width=\"512\" height=\"512\" src=\"https:\/\/worishofer.fr\/wp-content\/uploads\/2017\/10\/cropped-LogoWorishoferfoot-hires.jpg\" alt=\"\" class=\"wp-image-1528\" srcset=\"https:\/\/worishofer.fr\/wp-content\/uploads\/2017\/10\/cropped-LogoWorishoferfoot-hires.jpg 512w, https:\/\/worishofer.fr\/wp-content\/uploads\/2017\/10\/cropped-LogoWorishoferfoot-hires-150x150.jpg 150w, https:\/\/worishofer.fr\/wp-content\/uploads\/2017\/10\/cropped-LogoWorishoferfoot-hires-300x300.jpg 300w, https:\/\/worishofer.fr\/wp-content\/uploads\/2017\/10\/cropped-LogoWorishoferfoot-hires-180x180.jpg 180w, https:\/\/worishofer.fr\/wp-content\/uploads\/2017\/10\/cropped-LogoWorishoferfoot-hires-270x270.jpg 270w, https:\/\/worishofer.fr\/wp-content\/uploads\/2017\/10\/cropped-LogoWorishoferfoot-hires-192x192.jpg 192w, https:\/\/worishofer.fr\/wp-content\/uploads\/2017\/10\/cropped-LogoWorishoferfoot-hires-32x32.jpg 32w\" sizes=\"auto, (max-width: 512px) 100vw, 512px\" \/><\/figure>\n<\/div>","protected":false},"excerpt":{"rendered":"<p>MERCI !<\/p>","protected":false},"author":1,"featured_media":0,"parent":0,"menu_order":0,"comment_status":"closed","ping_status":"closed","template":"template-fullwidth.php","meta":{"footnotes":""},"class_list":["post-2129","page","type-page","status-publish","hentry"],"yoast_head":"<!-- This site is optimized with the Yoast SEO plugin v27.1.1 - https:\/\/yoast.com\/product\/yoast-seo-wordpress\/ -->\n<title>MERCI - W\u00f6rishofer - sandales vintage femme<\/title>\n<meta name=\"robots\" content=\"index, nofollow, max-snippet:-1, max-image-preview:large, max-video-preview:-1\" \/>\n<link rel=\"canonical\" href=\"https:\/\/worishofer.fr\/en\/merci\/\" \/>\n<meta property=\"og:locale\" content=\"en_US\" \/>\n<meta property=\"og:type\" content=\"article\" \/>\n<meta property=\"og:title\" content=\"MERCI - W\u00f6rishofer - sandales vintage femme\" \/>\n<meta property=\"og:description\" content=\"MERCI !\" \/>\n<meta property=\"og:url\" content=\"https:\/\/worishofer.fr\/en\/merci\/\" \/>\n<meta property=\"og:site_name\" content=\"W\u00f6rishofer - sandales vintage femme\" \/>\n<meta property=\"article:modified_time\" content=\"2023-07-31T22:20:06+00:00\" \/>\n<meta property=\"og:image\" content=\"https:\/\/worishofer.fr\/wp-content\/uploads\/2017\/10\/cropped-LogoWorishoferfoot-hires.jpg\" \/>\n<meta name=\"twitter:card\" content=\"summary_large_image\" \/>\n<meta name=\"twitter:label1\" content=\"Est. reading time\" \/>\n\t<meta name=\"twitter:data1\" content=\"1 minute\" \/>\n<script type=\"application\/ld+json\" class=\"yoast-schema-graph\">{\"@context\":\"https:\/\/schema.org\",\"@graph\":[{\"@type\":\"WebPage\",\"@id\":\"https:\/\/worishofer.fr\/merci\/\",\"url\":\"https:\/\/worishofer.fr\/merci\/\",\"name\":\"MERCI - W\u00f6rishofer - sandales vintage femme\",\"isPartOf\":{\"@id\":\"https:\/\/worishofer.fr\/#website\"},\"primaryImageOfPage\":{\"@id\":\"https:\/\/worishofer.fr\/merci\/#primaryimage\"},\"image\":{\"@id\":\"https:\/\/worishofer.fr\/merci\/#primaryimage\"},\"thumbnailUrl\":\"https:\/\/worishofer.fr\/wp-content\/uploads\/2017\/10\/cropped-LogoWorishoferfoot-hires.jpg\",\"datePublished\":\"2023-07-31T22:18:16+00:00\",\"dateModified\":\"2023-07-31T22:20:06+00:00\",\"breadcrumb\":{\"@id\":\"https:\/\/worishofer.fr\/merci\/#breadcrumb\"},\"inLanguage\":\"en-US\",\"potentialAction\":[{\"@type\":\"ReadAction\",\"target\":[\"https:\/\/worishofer.fr\/merci\/\"]}]},{\"@type\":\"ImageObject\",\"inLanguage\":\"en-US\",\"@id\":\"https:\/\/worishofer.fr\/merci\/#primaryimage\",\"url\":\"https:\/\/worishofer.fr\/wp-content\/uploads\/2017\/10\/cropped-LogoWorishoferfoot-hires.jpg\",\"contentUrl\":\"https:\/\/worishofer.fr\/wp-content\/uploads\/2017\/10\/cropped-LogoWorishoferfoot-hires.jpg\"},{\"@type\":\"BreadcrumbList\",\"@id\":\"https:\/\/worishofer.fr\/merci\/#breadcrumb\",\"itemListElement\":[{\"@type\":\"ListItem\",\"position\":1,\"name\":\"Accueil\",\"item\":\"https:\/\/worishofer.fr\/\"},{\"@type\":\"ListItem\",\"position\":2,\"name\":\"MERCI\"}]},{\"@type\":\"WebSite\",\"@id\":\"https:\/\/worishofer.fr\/#website\",\"url\":\"https:\/\/worishofer.fr\/\",\"name\":\"W\u00f6rishofer - sandales vintage femme\",\"description\":\"D\u00e9couvrez les sandales R\u00e9tro-Confort-Chic allemandes W\u00f6rishofer !\",\"publisher\":{\"@id\":\"https:\/\/worishofer.fr\/#organization\"},\"potentialAction\":[{\"@type\":\"SearchAction\",\"target\":{\"@type\":\"EntryPoint\",\"urlTemplate\":\"https:\/\/worishofer.fr\/?s={search_term_string}\"},\"query-input\":{\"@type\":\"PropertyValueSpecification\",\"valueRequired\":true,\"valueName\":\"search_term_string\"}}],\"inLanguage\":\"en-US\"},{\"@type\":\"Organization\",\"@id\":\"https:\/\/worishofer.fr\/#organization\",\"name\":\"W\u00f6rishofer\",\"url\":\"https:\/\/worishofer.fr\/\",\"logo\":{\"@type\":\"ImageObject\",\"inLanguage\":\"en-US\",\"@id\":\"https:\/\/worishofer.fr\/#\/schema\/logo\/image\/\",\"url\":\"https:\/\/worishofer.fr\/wp-content\/uploads\/2017\/10\/LOGO-WORISHOFER-2600.jpg\",\"contentUrl\":\"https:\/\/worishofer.fr\/wp-content\/uploads\/2017\/10\/LOGO-WORISHOFER-2600.jpg\",\"width\":2600,\"height\":2600,\"caption\":\"W\u00f6rishofer\"},\"image\":{\"@id\":\"https:\/\/worishofer.fr\/#\/schema\/logo\/image\/\"}}]}<\/script>\n<!-- \/ Yoast SEO plugin. -->","yoast_head_json":{"title":"MERCI - W\u00f6rishofer - sandales vintage femme","robots":{"index":"index","follow":"nofollow","max-snippet":"max-snippet:-1","max-image-preview":"max-image-preview:large","max-video-preview":"max-video-preview:-1"},"canonical":"https:\/\/worishofer.fr\/en\/merci\/","og_locale":"en_US","og_type":"article","og_title":"MERCI - W\u00f6rishofer - sandales vintage femme","og_description":"MERCI !","og_url":"https:\/\/worishofer.fr\/en\/merci\/","og_site_name":"W\u00f6rishofer - sandales vintage femme","article_modified_time":"2023-07-31T22:20:06+00:00","og_image":[{"url":"https:\/\/worishofer.fr\/wp-content\/uploads\/2017\/10\/cropped-LogoWorishoferfoot-hires.jpg","type":"","width":"","height":""}],"twitter_card":"summary_large_image","twitter_misc":{"Est. reading time":"1 minute"},"schema":{"@context":"https:\/\/schema.org","@graph":[{"@type":"WebPage","@id":"https:\/\/worishofer.fr\/merci\/","url":"https:\/\/worishofer.fr\/merci\/","name":"MERCI - W\u00f6rishofer - sandales vintage femme","isPartOf":{"@id":"https:\/\/worishofer.fr\/#website"},"primaryImageOfPage":{"@id":"https:\/\/worishofer.fr\/merci\/#primaryimage"},"image":{"@id":"https:\/\/worishofer.fr\/merci\/#primaryimage"},"thumbnailUrl":"https:\/\/worishofer.fr\/wp-content\/uploads\/2017\/10\/cropped-LogoWorishoferfoot-hires.jpg","datePublished":"2023-07-31T22:18:16+00:00","dateModified":"2023-07-31T22:20:06+00:00","breadcrumb":{"@id":"https:\/\/worishofer.fr\/merci\/#breadcrumb"},"inLanguage":"en-US","potentialAction":[{"@type":"ReadAction","target":["https:\/\/worishofer.fr\/merci\/"]}]},{"@type":"ImageObject","inLanguage":"en-US","@id":"https:\/\/worishofer.fr\/merci\/#primaryimage","url":"https:\/\/worishofer.fr\/wp-content\/uploads\/2017\/10\/cropped-LogoWorishoferfoot-hires.jpg","contentUrl":"https:\/\/worishofer.fr\/wp-content\/uploads\/2017\/10\/cropped-LogoWorishoferfoot-hires.jpg"},{"@type":"BreadcrumbList","@id":"https:\/\/worishofer.fr\/merci\/#breadcrumb","itemListElement":[{"@type":"ListItem","position":1,"name":"Accueil","item":"https:\/\/worishofer.fr\/"},{"@type":"ListItem","position":2,"name":"MERCI"}]},{"@type":"WebSite","@id":"https:\/\/worishofer.fr\/#website","url":"https:\/\/worishofer.fr\/","name":"W\u00f6rishofer - sandales vintage femme","description":"D\u00e9couvrez les sandales R\u00e9tro-Confort-Chic allemandes W\u00f6rishofer !","publisher":{"@id":"https:\/\/worishofer.fr\/#organization"},"potentialAction":[{"@type":"SearchAction","target":{"@type":"EntryPoint","urlTemplate":"https:\/\/worishofer.fr\/?s={search_term_string}"},"query-input":{"@type":"PropertyValueSpecification","valueRequired":true,"valueName":"search_term_string"}}],"inLanguage":"en-US"},{"@type":"Organization","@id":"https:\/\/worishofer.fr\/#organization","name":"W\u00f6rishofer","url":"https:\/\/worishofer.fr\/","logo":{"@type":"ImageObject","inLanguage":"en-US","@id":"https:\/\/worishofer.fr\/#\/schema\/logo\/image\/","url":"https:\/\/worishofer.fr\/wp-content\/uploads\/2017\/10\/LOGO-WORISHOFER-2600.jpg","contentUrl":"https:\/\/worishofer.fr\/wp-content\/uploads\/2017\/10\/LOGO-WORISHOFER-2600.jpg","width":2600,"height":2600,"caption":"W\u00f6rishofer"},"image":{"@id":"https:\/\/worishofer.fr\/#\/schema\/logo\/image\/"}}]}},"_links":{"self":[{"href":"https:\/\/worishofer.fr\/en\/wp-json\/wp\/v2\/pages\/2129","targetHints":{"allow":["GET"]}}],"collection":[{"href":"https:\/\/worishofer.fr\/en\/wp-json\/wp\/v2\/pages"}],"about":[{"href":"https:\/\/worishofer.fr\/en\/wp-json\/wp\/v2\/types\/page"}],"author":[{"embeddable":true,"href":"https:\/\/worishofer.fr\/en\/wp-json\/wp\/v2\/users\/1"}],"replies":[{"embeddable":true,"href":"https:\/\/worishofer.fr\/en\/wp-json\/wp\/v2\/comments?post=2129"}],"version-history":[{"count":4,"href":"https:\/\/worishofer.fr\/en\/wp-json\/wp\/v2\/pages\/2129\/revisions"}],"predecessor-version":[{"id":2134,"href":"https:\/\/worishofer.fr\/en\/wp-json\/wp\/v2\/pages\/2129\/revisions\/2134"}],"wp:attachment":[{"href":"https:\/\/worishofer.fr\/en\/wp-json\/wp\/v2\/media?parent=2129"}],"curies":[{"name":"wp","href":"https:\/\/api.w.org\/{rel}","templated":true}]}}