{"id":2,"date":"2017-10-01T19:59:48","date_gmt":"2017-10-01T17:59:48","guid":{"rendered":"https:\/\/worishofer.fr\/?page_id=2"},"modified":"2017-11-22T10:09:58","modified_gmt":"2017-11-22T09:09:58","slug":"a-propos-de-nous","status":"publish","type":"page","link":"https:\/\/worishofer.fr\/en\/a-propos-de-nous\/","title":{"rendered":"About"},"content":{"rendered":"<p>We are the business company Akayama, distributor for authentic brands since 2005.<\/p>\n<p>Our passion for shoes has naturally driven us towards W\u00f6rishofer, iconic brand through its orthopedic comfort, and its retro-vintage touch that all celebrities adore !<\/p>\n<p>W\u00f6rishofer c&rsquo;est avant tout une collection de sandales pour femme ouvertes, dessus cuir, semelle en li\u00e8ge et caoutchouc, fabriqu\u00e9es en Allemagne depuis 70 ans dans une entreprise familiale.<\/p>","protected":false},"excerpt":{"rendered":"<p>Nous sommes la soci\u00e9t\u00e9 AKAYAMA, distributeur de produits authentiques depuis 2005. Notre passion pour les chaussures nous a naturellement pouss\u00e9s vers W\u00f6rishofer, marque r\u00e9f\u00e9rence \u00e0 la fois par son confort quasi-orthop\u00e9dique et son c\u00f4t\u00e9 r\u00e9tro-vintage que toutes les stars adorent. W\u00f6rishofer c&rsquo;est avant tout une collection de sandales pour femme ouvertes, dessus cuir, semelle en [&hellip;]<\/p>\n","protected":false},"author":1,"featured_media":0,"parent":0,"menu_order":0,"comment_status":"closed","ping_status":"open","template":"template-fullwidth.php","meta":{"footnotes":""},"class_list":["post-2","page","type-page","status-publish","hentry"],"yoast_head":"<!-- This site is optimized with the Yoast SEO plugin v27.1.1 - https:\/\/yoast.com\/product\/yoast-seo-wordpress\/ -->\n<title>\u00c0 Propos - W\u00f6rishofer - sandales vintage femme<\/title>\n<meta name=\"robots\" content=\"index, follow, max-snippet:-1, max-image-preview:large, max-video-preview:-1\" \/>\n<link rel=\"canonical\" href=\"https:\/\/worishofer.fr\/en\/a-propos-de-nous\/\" \/>\n<meta property=\"og:locale\" content=\"en_US\" \/>\n<meta property=\"og:type\" content=\"article\" \/>\n<meta property=\"og:title\" content=\"\u00c0 Propos - W\u00f6rishofer - sandales vintage femme\" \/>\n<meta property=\"og:description\" content=\"Nous sommes la soci\u00e9t\u00e9 AKAYAMA, distributeur de produits authentiques depuis 2005. Notre passion pour les chaussures nous a naturellement pouss\u00e9s vers W\u00f6rishofer, marque r\u00e9f\u00e9rence \u00e0 la fois par son confort quasi-orthop\u00e9dique et son c\u00f4t\u00e9 r\u00e9tro-vintage que toutes les stars adorent. W\u00f6rishofer c&rsquo;est avant tout une collection de sandales pour femme ouvertes, dessus cuir, semelle en [&hellip;]\" \/>\n<meta property=\"og:url\" content=\"https:\/\/worishofer.fr\/en\/a-propos-de-nous\/\" \/>\n<meta property=\"og:site_name\" content=\"W\u00f6rishofer - sandales vintage femme\" \/>\n<meta property=\"article:modified_time\" content=\"2017-11-22T09:09:58+00:00\" \/>\n<meta name=\"twitter:card\" content=\"summary_large_image\" \/>\n<script type=\"application\/ld+json\" class=\"yoast-schema-graph\">{\"@context\":\"https:\/\/schema.org\",\"@graph\":[{\"@type\":\"WebPage\",\"@id\":\"https:\/\/worishofer.fr\/en\/a-propos-de-nous\/\",\"url\":\"https:\/\/worishofer.fr\/en\/a-propos-de-nous\/\",\"name\":\"\u00c0 Propos - W\u00f6rishofer - sandales vintage femme\",\"isPartOf\":{\"@id\":\"https:\/\/worishofer.fr\/#website\"},\"datePublished\":\"2017-10-01T17:59:48+00:00\",\"dateModified\":\"2017-11-22T09:09:58+00:00\",\"breadcrumb\":{\"@id\":\"https:\/\/worishofer.fr\/en\/a-propos-de-nous\/#breadcrumb\"},\"inLanguage\":\"en-US\",\"potentialAction\":[{\"@type\":\"ReadAction\",\"target\":[\"https:\/\/worishofer.fr\/en\/a-propos-de-nous\/\"]}]},{\"@type\":\"BreadcrumbList\",\"@id\":\"https:\/\/worishofer.fr\/en\/a-propos-de-nous\/#breadcrumb\",\"itemListElement\":[{\"@type\":\"ListItem\",\"position\":1,\"name\":\"Accueil\",\"item\":\"https:\/\/worishofer.fr\/\"},{\"@type\":\"ListItem\",\"position\":2,\"name\":\"\u00c0 Propos\"}]},{\"@type\":\"WebSite\",\"@id\":\"https:\/\/worishofer.fr\/#website\",\"url\":\"https:\/\/worishofer.fr\/\",\"name\":\"W\u00f6rishofer - sandales vintage femme\",\"description\":\"D\u00e9couvrez les sandales R\u00e9tro-Confort-Chic allemandes W\u00f6rishofer !\",\"publisher\":{\"@id\":\"https:\/\/worishofer.fr\/#organization\"},\"potentialAction\":[{\"@type\":\"SearchAction\",\"target\":{\"@type\":\"EntryPoint\",\"urlTemplate\":\"https:\/\/worishofer.fr\/?s={search_term_string}\"},\"query-input\":{\"@type\":\"PropertyValueSpecification\",\"valueRequired\":true,\"valueName\":\"search_term_string\"}}],\"inLanguage\":\"en-US\"},{\"@type\":\"Organization\",\"@id\":\"https:\/\/worishofer.fr\/#organization\",\"name\":\"W\u00f6rishofer\",\"url\":\"https:\/\/worishofer.fr\/\",\"logo\":{\"@type\":\"ImageObject\",\"inLanguage\":\"en-US\",\"@id\":\"https:\/\/worishofer.fr\/#\/schema\/logo\/image\/\",\"url\":\"https:\/\/worishofer.fr\/wp-content\/uploads\/2017\/10\/LOGO-WORISHOFER-2600.jpg\",\"contentUrl\":\"https:\/\/worishofer.fr\/wp-content\/uploads\/2017\/10\/LOGO-WORISHOFER-2600.jpg\",\"width\":2600,\"height\":2600,\"caption\":\"W\u00f6rishofer\"},\"image\":{\"@id\":\"https:\/\/worishofer.fr\/#\/schema\/logo\/image\/\"}}]}<\/script>\n<!-- \/ Yoast SEO plugin. -->","yoast_head_json":{"title":"\u00c0 Propos - W\u00f6rishofer - sandales vintage femme","robots":{"index":"index","follow":"follow","max-snippet":"max-snippet:-1","max-image-preview":"max-image-preview:large","max-video-preview":"max-video-preview:-1"},"canonical":"https:\/\/worishofer.fr\/en\/a-propos-de-nous\/","og_locale":"en_US","og_type":"article","og_title":"\u00c0 Propos - W\u00f6rishofer - sandales vintage femme","og_description":"Nous sommes la soci\u00e9t\u00e9 AKAYAMA, distributeur de produits authentiques depuis 2005. Notre passion pour les chaussures nous a naturellement pouss\u00e9s vers W\u00f6rishofer, marque r\u00e9f\u00e9rence \u00e0 la fois par son confort quasi-orthop\u00e9dique et son c\u00f4t\u00e9 r\u00e9tro-vintage que toutes les stars adorent. W\u00f6rishofer c&rsquo;est avant tout une collection de sandales pour femme ouvertes, dessus cuir, semelle en [&hellip;]","og_url":"https:\/\/worishofer.fr\/en\/a-propos-de-nous\/","og_site_name":"W\u00f6rishofer - sandales vintage femme","article_modified_time":"2017-11-22T09:09:58+00:00","twitter_card":"summary_large_image","schema":{"@context":"https:\/\/schema.org","@graph":[{"@type":"WebPage","@id":"https:\/\/worishofer.fr\/en\/a-propos-de-nous\/","url":"https:\/\/worishofer.fr\/en\/a-propos-de-nous\/","name":"\u00c0 Propos - W\u00f6rishofer - sandales vintage femme","isPartOf":{"@id":"https:\/\/worishofer.fr\/#website"},"datePublished":"2017-10-01T17:59:48+00:00","dateModified":"2017-11-22T09:09:58+00:00","breadcrumb":{"@id":"https:\/\/worishofer.fr\/en\/a-propos-de-nous\/#breadcrumb"},"inLanguage":"en-US","potentialAction":[{"@type":"ReadAction","target":["https:\/\/worishofer.fr\/en\/a-propos-de-nous\/"]}]},{"@type":"BreadcrumbList","@id":"https:\/\/worishofer.fr\/en\/a-propos-de-nous\/#breadcrumb","itemListElement":[{"@type":"ListItem","position":1,"name":"Accueil","item":"https:\/\/worishofer.fr\/"},{"@type":"ListItem","position":2,"name":"\u00c0 Propos"}]},{"@type":"WebSite","@id":"https:\/\/worishofer.fr\/#website","url":"https:\/\/worishofer.fr\/","name":"W\u00f6rishofer - sandales vintage femme","description":"D\u00e9couvrez les sandales R\u00e9tro-Confort-Chic allemandes W\u00f6rishofer !","publisher":{"@id":"https:\/\/worishofer.fr\/#organization"},"potentialAction":[{"@type":"SearchAction","target":{"@type":"EntryPoint","urlTemplate":"https:\/\/worishofer.fr\/?s={search_term_string}"},"query-input":{"@type":"PropertyValueSpecification","valueRequired":true,"valueName":"search_term_string"}}],"inLanguage":"en-US"},{"@type":"Organization","@id":"https:\/\/worishofer.fr\/#organization","name":"W\u00f6rishofer","url":"https:\/\/worishofer.fr\/","logo":{"@type":"ImageObject","inLanguage":"en-US","@id":"https:\/\/worishofer.fr\/#\/schema\/logo\/image\/","url":"https:\/\/worishofer.fr\/wp-content\/uploads\/2017\/10\/LOGO-WORISHOFER-2600.jpg","contentUrl":"https:\/\/worishofer.fr\/wp-content\/uploads\/2017\/10\/LOGO-WORISHOFER-2600.jpg","width":2600,"height":2600,"caption":"W\u00f6rishofer"},"image":{"@id":"https:\/\/worishofer.fr\/#\/schema\/logo\/image\/"}}]}},"_links":{"self":[{"href":"https:\/\/worishofer.fr\/en\/wp-json\/wp\/v2\/pages\/2","targetHints":{"allow":["GET"]}}],"collection":[{"href":"https:\/\/worishofer.fr\/en\/wp-json\/wp\/v2\/pages"}],"about":[{"href":"https:\/\/worishofer.fr\/en\/wp-json\/wp\/v2\/types\/page"}],"author":[{"embeddable":true,"href":"https:\/\/worishofer.fr\/en\/wp-json\/wp\/v2\/users\/1"}],"replies":[{"embeddable":true,"href":"https:\/\/worishofer.fr\/en\/wp-json\/wp\/v2\/comments?post=2"}],"version-history":[{"count":2,"href":"https:\/\/worishofer.fr\/en\/wp-json\/wp\/v2\/pages\/2\/revisions"}],"predecessor-version":[{"id":283,"href":"https:\/\/worishofer.fr\/en\/wp-json\/wp\/v2\/pages\/2\/revisions\/283"}],"wp:attachment":[{"href":"https:\/\/worishofer.fr\/en\/wp-json\/wp\/v2\/media?parent=2"}],"curies":[{"name":"wp","href":"https:\/\/api.w.org\/{rel}","templated":true}]}}